{"id":585,"date":"2017-11-13T21:09:58","date_gmt":"2017-11-13T21:09:58","guid":{"rendered":"http:\/\/assulba.com.br\/?post_type=product&#038;p=585"},"modified":"2024-03-17T01:02:27","modified_gmt":"2024-03-17T04:02:27","slug":"suporte-bicicletario","status":"publish","type":"product","link":"https:\/\/assulba.com.br\/?product=suporte-bicicletario","title":{"rendered":"Biciclet\u00e1rios de Ch\u00e3o"},"content":{"rendered":"","protected":false},"excerpt":{"rendered":"<p><strong>Biciclet\u00e1rio de Ch\u00e3o<\/strong><br \/>\nO biciclet\u00e1rio de ch\u00e3o conta com espa\u00e7os exatos para coloca\u00e7\u00e3o de cada bicicleta, de modo que uma n\u00e3o encoste na outra, facilitando a coloca\u00e7\u00e3o e remo\u00e7\u00e3o. Ele pode ser fixado no ch\u00e3o ou n\u00e3o, pois tem peso suficiente para sustentar as bicicletas mesmo sem a fixa\u00e7\u00e3o com parafusos. Podem ser instalados lado a lado para a acomoda\u00e7\u00e3o de um n\u00famero maior de bicicletas. Confeccionado em ferro galvanizado, com cabos de a\u00e7o para prender as bicicletas.<\/p>\n<hr \/>\n<p><strong>OP\u00c7\u00d5ES DE MODELOS<\/strong><br \/>\n3 Bicicletas &#8211; 0,90 m<br \/>\n4 Bicicletas &#8211; 1,20 m<br \/>\n5 Bicicletas &#8211; 1,50 m<\/p>\n","protected":false},"featured_media":1778,"template":"","meta":[],"product_brand":[],"product_cat":[20],"product_tag":[16],"class_list":{"0":"post-585","1":"product","2":"type-product","3":"status-publish","4":"has-post-thumbnail","6":"product_cat-cat_logistica","7":"product_tag-garagem","9":"first","10":"instock","11":"shipping-taxable","12":"purchasable","13":"product-type-variable"},"jetpack_sharing_enabled":true,"_links":{"self":[{"href":"https:\/\/assulba.com.br\/index.php?rest_route=\/wp\/v2\/product\/585","targetHints":{"allow":["GET"]}}],"collection":[{"href":"https:\/\/assulba.com.br\/index.php?rest_route=\/wp\/v2\/product"}],"about":[{"href":"https:\/\/assulba.com.br\/index.php?rest_route=\/wp\/v2\/types\/product"}],"wp:featuredmedia":[{"embeddable":true,"href":"https:\/\/assulba.com.br\/index.php?rest_route=\/wp\/v2\/media\/1778"}],"wp:attachment":[{"href":"https:\/\/assulba.com.br\/index.php?rest_route=%2Fwp%2Fv2%2Fmedia&parent=585"}],"wp:term":[{"taxonomy":"product_brand","embeddable":true,"href":"https:\/\/assulba.com.br\/index.php?rest_route=%2Fwp%2Fv2%2Fproduct_brand&post=585"},{"taxonomy":"product_cat","embeddable":true,"href":"https:\/\/assulba.com.br\/index.php?rest_route=%2Fwp%2Fv2%2Fproduct_cat&post=585"},{"taxonomy":"product_tag","embeddable":true,"href":"https:\/\/assulba.com.br\/index.php?rest_route=%2Fwp%2Fv2%2Fproduct_tag&post=585"}],"curies":[{"name":"wp","href":"https:\/\/api.w.org\/{rel}","templated":true}]}}