{"id":578,"date":"2017-11-13T21:02:17","date_gmt":"2017-11-14T00:02:17","guid":{"rendered":"http:\/\/assulba.com.br\/?post_type=product&#038;p=578"},"modified":"2024-03-17T01:02:28","modified_gmt":"2024-03-17T04:02:28","slug":"enceradeira-industrial","status":"publish","type":"product","link":"https:\/\/assulba.com.br\/?product=enceradeira-industrial","title":{"rendered":"Enceradeira industrial Cleaner"},"content":{"rendered":"","protected":false},"excerpt":{"rendered":"<p>A enceradeira Cleaner tem diferentes utilidades e pode lavar ou lustrar diferentes tipos de piso. Lava piso r\u00fastico, como pedras, ou piso liso, como m\u00e1rmore, limpa carpetes, lustra piso frio ou piso de madeira e remove cera velha. Para cada servi\u00e7o, h\u00e1 um acess\u00f3rio que se encaixa na base girat\u00f3ria. Recomendada para \u00e1reas acima de 140 metros quadrados, onde o sistema manual n\u00e3o atingiria uma limpeza adequada.<\/p>\n<hr \/>\n<p><strong>OP\u00c7\u00d5ES DE TAMANHOS<\/strong><br \/>\nBase com 35 cm de di\u00e2metro<br \/>\nBase com 40 cm de di\u00e2metro<\/p>\n","protected":false},"featured_media":7057,"template":"","meta":[],"product_brand":[],"product_cat":[135,310,309],"product_tag":[57,107,27],"class_list":{"0":"post-578","1":"product","2":"type-product","3":"status-publish","4":"has-post-thumbnail","6":"product_cat-cat_limpeza","7":"product_cat-cat_limpeza_umida","8":"product_cat-cat_limpeza_seca","9":"product_tag-eletrico","10":"product_tag-encerar","11":"product_tag-limpeza","13":"first","14":"instock","15":"shipping-taxable","16":"purchasable","17":"product-type-variable"},"jetpack_sharing_enabled":true,"_links":{"self":[{"href":"https:\/\/assulba.com.br\/index.php?rest_route=\/wp\/v2\/product\/578","targetHints":{"allow":["GET"]}}],"collection":[{"href":"https:\/\/assulba.com.br\/index.php?rest_route=\/wp\/v2\/product"}],"about":[{"href":"https:\/\/assulba.com.br\/index.php?rest_route=\/wp\/v2\/types\/product"}],"wp:featuredmedia":[{"embeddable":true,"href":"https:\/\/assulba.com.br\/index.php?rest_route=\/wp\/v2\/media\/7057"}],"wp:attachment":[{"href":"https:\/\/assulba.com.br\/index.php?rest_route=%2Fwp%2Fv2%2Fmedia&parent=578"}],"wp:term":[{"taxonomy":"product_brand","embeddable":true,"href":"https:\/\/assulba.com.br\/index.php?rest_route=%2Fwp%2Fv2%2Fproduct_brand&post=578"},{"taxonomy":"product_cat","embeddable":true,"href":"https:\/\/assulba.com.br\/index.php?rest_route=%2Fwp%2Fv2%2Fproduct_cat&post=578"},{"taxonomy":"product_tag","embeddable":true,"href":"https:\/\/assulba.com.br\/index.php?rest_route=%2Fwp%2Fv2%2Fproduct_tag&post=578"}],"curies":[{"name":"wp","href":"https:\/\/api.w.org\/{rel}","templated":true}]}}