{"id":576,"date":"2017-11-13T20:59:55","date_gmt":"2017-11-13T23:59:55","guid":{"rendered":"http:\/\/assulba.com.br\/?post_type=product&#038;p=576"},"modified":"2024-03-17T01:02:28","modified_gmt":"2024-03-17T04:02:28","slug":"lava-jato-alta-pressao","status":"publish","type":"product","link":"https:\/\/assulba.com.br\/?product=lava-jato-alta-pressao","title":{"rendered":"Lavadora de Alta Press\u00e3o HD 585 K\u00e4rcher"},"content":{"rendered":"","protected":false},"excerpt":{"rendered":"<p>K\u00c4RCHER &#8211; HD 585<br \/>\nA lavadora de alta press\u00e3o profissional leve K\u00e4rcher modelo HD 585 Prof S disp\u00f5es de uma vaz\u00e3o de at\u00e9 500 l\/h com press\u00e3o de at\u00e9 110 bar (varia conforme a voltagem). Possui design compacto e robusto, rodas grandes e baixo centro de gravidade, conferindo excelente mobilidade. Possui tubeira e os tr\u00eas pist\u00f5es de sua bomba em a\u00e7o inox o que somados ao seu cabe\u00e7ote lat\u00e3o proporcionam uma maior resist\u00eancia e durabilidade \u00e0 altas press\u00f5es. Conta com al\u00e7a de transporte, dosador de detergente integrado e espa\u00e7o para armazenar o cabo el\u00e9trico e a mangueira. Possibilidade de suc\u00e7\u00e3o de detergente. Consagrada como l\u00edder de mercado.<\/p>\n<p><iframe loading=\"lazy\" width=\"560\" height=\"315\" src=\"https:\/\/www.youtube-nocookie.com\/embed\/Ek5zXJaxC04\" title=\"YouTube video player\" frameborder=\"0\" allow=\"accelerometer; autoplay; clipboard-write; encrypted-media; gyroscope; picture-in-picture\" allowfullscreen><\/iframe><\/p>\n<p>BENEF\u00cdCIOS<br \/>\nMotor de indu\u00e7\u00e3o: alta durabilidade! Bomba em a\u00e7o inox com cabe\u00e7ote em lat\u00e3o! Tubeira profisional: mais du\u00e1vel e robusta! Mangueira de suc\u00e7\u00e3o de detergente da m\u00e1quina. Porta acess\u00f3rios. Carrinho com al\u00e7a e rodas que facilitam o transporte. Economia at\u00e9 80% na conta de \u00e1gua. Baixo consumo de energia el\u00e9trica.<\/p>\n<p>APLICA\u00c7\u00d5ES<br \/>\nUso m\u00e1ximo recomendado: mais que 9 horas\/semana. Carros, motos, barcos, bicicletas, triciclos e quadr\u00edculos; Pisos, quintais, garagens, rampas, cal\u00e7adas e varandas; Paredes, muros, pedras, portas, port\u00f5es e vidros externos; Toldos, coberturas, churrasqueiras, grelhas e m\u00f3veis de piscina.<\/p>\n<p>ESPECIFICA\u00c7\u00d5ES T\u00c9CNICAS: Press\u00e3o: 1600 PSI \/ 110 bar (220 volts). Press\u00e3o: 1160 PSI \/ 80 bar (110 volts). Vaz\u00e3o de \u00e1gua: 500 (220V) \/ 400 (110V) l\/min. Pot\u00eancia: 2200 (220V) \/ 1500 (110V) watts. Motor: Indu\u00e7\u00e3o. Tamanho da mangueira de alta press\u00e3o: 7,5 m. Tamanho do cabo el\u00e9trico: 5 m. Voltagens: 127\/220 V. Peso sem acess\u00f3rios: 17 Kg. Medidas: 570 x 320 x 330 mm (c x l x a).<\/p>\n<p>ITENS INCLU\u00cdDOS: Mangueira de alta press\u00e3o 7,5m com pistola. Tubeira de alta press\u00e3o. Carrinho com rodas. Adaptador engate r\u00e1pido.<\/p>\n<p>GARANTIA: 1 ano, sendo 3 meses de garantia total obrigat\u00f3ria, que pode ser estendida por mais 9 meses.<\/p>\n","protected":false},"featured_media":3258,"template":"","meta":[],"product_brand":[],"product_cat":[135,310],"product_tag":[57,25,27],"class_list":{"0":"post-576","1":"product","2":"type-product","3":"status-publish","4":"has-post-thumbnail","6":"product_cat-cat_limpeza","7":"product_cat-cat_limpeza_umida","8":"product_tag-eletrico","9":"product_tag-karcher","10":"product_tag-limpeza","12":"first","13":"instock","14":"shipping-taxable","15":"purchasable","16":"product-type-variable"},"jetpack_sharing_enabled":true,"_links":{"self":[{"href":"https:\/\/assulba.com.br\/index.php?rest_route=\/wp\/v2\/product\/576","targetHints":{"allow":["GET"]}}],"collection":[{"href":"https:\/\/assulba.com.br\/index.php?rest_route=\/wp\/v2\/product"}],"about":[{"href":"https:\/\/assulba.com.br\/index.php?rest_route=\/wp\/v2\/types\/product"}],"wp:featuredmedia":[{"embeddable":true,"href":"https:\/\/assulba.com.br\/index.php?rest_route=\/wp\/v2\/media\/3258"}],"wp:attachment":[{"href":"https:\/\/assulba.com.br\/index.php?rest_route=%2Fwp%2Fv2%2Fmedia&parent=576"}],"wp:term":[{"taxonomy":"product_brand","embeddable":true,"href":"https:\/\/assulba.com.br\/index.php?rest_route=%2Fwp%2Fv2%2Fproduct_brand&post=576"},{"taxonomy":"product_cat","embeddable":true,"href":"https:\/\/assulba.com.br\/index.php?rest_route=%2Fwp%2Fv2%2Fproduct_cat&post=576"},{"taxonomy":"product_tag","embeddable":true,"href":"https:\/\/assulba.com.br\/index.php?rest_route=%2Fwp%2Fv2%2Fproduct_tag&post=576"}],"curies":[{"name":"wp","href":"https:\/\/api.w.org\/{rel}","templated":true}]}}