{"id":5706,"date":"2020-08-30T20:47:18","date_gmt":"2020-08-30T23:47:18","guid":{"rendered":"https:\/\/assulba.com.br\/?post_type=product&#038;p=5706"},"modified":"2024-03-17T01:01:03","modified_gmt":"2024-03-17T04:01:03","slug":"espelho-convexo-de-seguranca-saraiva","status":"publish","type":"product","link":"https:\/\/assulba.com.br\/?product=espelho-convexo-de-seguranca-saraiva","title":{"rendered":"ESPELHO CONVEXO DE SEGURAN\u00c7A SARAIVA"},"content":{"rendered":"","protected":false},"excerpt":{"rendered":"<p>O espelho convexo da Saraiva, por ser mais refor\u00e7ado, \u00e9 recomendado para \u00e1reas externas, onde estar\u00e1 exposto ao vento, chuva, ou ao salitre. \u00c9 resistente ao ferrugem por possuir a traseira em ABS. Acompanha haste de fixa\u00e7\u00e3o encorpada, mantendo o espelho firme mesmo onde h\u00e1 muito vento.<\/p>\n<hr \/>\n<p><strong>OP\u00c7\u00d5ES DE DI\u00c2METRO<\/strong><br \/>\n\u00d8 30cm<br \/>\n\u00d8 40cm<br \/>\n\u00d8 50cm<br \/>\n\u00d8 60cm<\/p>\n","protected":false},"featured_media":6328,"template":"","meta":[],"product_brand":[],"product_cat":[160],"product_tag":[86,16,127],"class_list":{"0":"post-5706","1":"product","2":"type-product","3":"status-publish","4":"has-post-thumbnail","6":"product_cat-cat_seguranca","7":"product_tag-espelho","8":"product_tag-garagem","9":"product_tag-seguranca","11":"first","12":"instock","13":"shipping-taxable","14":"purchasable","15":"product-type-variable"},"jetpack_sharing_enabled":true,"_links":{"self":[{"href":"https:\/\/assulba.com.br\/index.php?rest_route=\/wp\/v2\/product\/5706","targetHints":{"allow":["GET"]}}],"collection":[{"href":"https:\/\/assulba.com.br\/index.php?rest_route=\/wp\/v2\/product"}],"about":[{"href":"https:\/\/assulba.com.br\/index.php?rest_route=\/wp\/v2\/types\/product"}],"wp:featuredmedia":[{"embeddable":true,"href":"https:\/\/assulba.com.br\/index.php?rest_route=\/wp\/v2\/media\/6328"}],"wp:attachment":[{"href":"https:\/\/assulba.com.br\/index.php?rest_route=%2Fwp%2Fv2%2Fmedia&parent=5706"}],"wp:term":[{"taxonomy":"product_brand","embeddable":true,"href":"https:\/\/assulba.com.br\/index.php?rest_route=%2Fwp%2Fv2%2Fproduct_brand&post=5706"},{"taxonomy":"product_cat","embeddable":true,"href":"https:\/\/assulba.com.br\/index.php?rest_route=%2Fwp%2Fv2%2Fproduct_cat&post=5706"},{"taxonomy":"product_tag","embeddable":true,"href":"https:\/\/assulba.com.br\/index.php?rest_route=%2Fwp%2Fv2%2Fproduct_tag&post=5706"}],"curies":[{"name":"wp","href":"https:\/\/api.w.org\/{rel}","templated":true}]}}