{"id":569,"date":"2017-11-13T20:53:25","date_gmt":"2017-11-13T23:53:25","guid":{"rendered":"http:\/\/assulba.com.br\/?post_type=product&#038;p=569"},"modified":"2024-03-17T01:02:28","modified_gmt":"2024-03-17T04:02:28","slug":"escada-banqueta","status":"publish","type":"product","link":"https:\/\/assulba.com.br\/?product=escada-banqueta","title":{"rendered":"Escada banqueta SBA"},"content":{"rendered":"","protected":false},"excerpt":{"rendered":"<p>REF. 0625<\/p>\n<p>Escada de alum\u00ednio de alta qualidade e tecnologia, com modernas t\u00e9cnicas de produ\u00e7\u00e3o e controle de qualidade<\/p>\n<p>Degraus e p\u00e9s antiderrapantes;<br \/>\nPatamar de polipropileno;<br \/>\nSuper resistente: 120kg;<br \/>\n100% Alum\u00ednio de liga especial;<br \/>\nGarantia de 3 anos.<\/p>\n<p>N\u00ba de Degraus: 3<br \/>\nAltura Fechada: 790mm<br \/>\nAltura Aberta: 620mm<br \/>\nPeso: 2Kg<\/p>\n","protected":false},"featured_media":4433,"template":"","meta":[],"product_brand":[],"product_cat":[312],"product_tag":[114,113],"class_list":{"0":"post-569","1":"product","2":"type-product","3":"status-publish","4":"has-post-thumbnail","6":"product_cat-cat-reparos","7":"product_tag-aluminio","8":"product_tag-escadas","10":"first","11":"instock","12":"shipping-taxable","13":"purchasable","14":"product-type-simple"},"jetpack_sharing_enabled":true,"_links":{"self":[{"href":"https:\/\/assulba.com.br\/index.php?rest_route=\/wp\/v2\/product\/569","targetHints":{"allow":["GET"]}}],"collection":[{"href":"https:\/\/assulba.com.br\/index.php?rest_route=\/wp\/v2\/product"}],"about":[{"href":"https:\/\/assulba.com.br\/index.php?rest_route=\/wp\/v2\/types\/product"}],"wp:featuredmedia":[{"embeddable":true,"href":"https:\/\/assulba.com.br\/index.php?rest_route=\/wp\/v2\/media\/4433"}],"wp:attachment":[{"href":"https:\/\/assulba.com.br\/index.php?rest_route=%2Fwp%2Fv2%2Fmedia&parent=569"}],"wp:term":[{"taxonomy":"product_brand","embeddable":true,"href":"https:\/\/assulba.com.br\/index.php?rest_route=%2Fwp%2Fv2%2Fproduct_brand&post=569"},{"taxonomy":"product_cat","embeddable":true,"href":"https:\/\/assulba.com.br\/index.php?rest_route=%2Fwp%2Fv2%2Fproduct_cat&post=569"},{"taxonomy":"product_tag","embeddable":true,"href":"https:\/\/assulba.com.br\/index.php?rest_route=%2Fwp%2Fv2%2Fproduct_tag&post=569"}],"curies":[{"name":"wp","href":"https:\/\/api.w.org\/{rel}","templated":true}]}}