{"id":565,"date":"2017-11-13T20:47:39","date_gmt":"2017-11-13T23:47:39","guid":{"rendered":"http:\/\/assulba.com.br\/?post_type=product&#038;p=565"},"modified":"2024-03-17T01:02:28","modified_gmt":"2024-03-17T04:02:28","slug":"coletor-fibra-papagaio","status":"publish","type":"product","link":"https:\/\/assulba.com.br\/?product=coletor-fibra-papagaio","title":{"rendered":"Lixeira em fibra Papagaio"},"content":{"rendered":"","protected":false},"excerpt":{"rendered":"<p>REF. 1022<\/p>\n<p>Laminados em resina de poli\u00e9ster refor\u00e7ados com \ufb01bra de vidro, cabe\u00e7as remov\u00edveis (tampas de encaixe). Composto de v\u00e1rios l\u00e1pis coloridos em tinta poliuret\u00e2nica nas mais diversas cores.<\/p>\n<p>\u00d8 38 x 66 cm, 37 litros<\/p>\n","protected":false},"featured_media":2494,"template":"","meta":[],"product_brand":[],"product_cat":[21,317],"product_tag":[88,89,70],"class_list":{"0":"post-565","1":"product","2":"type-product","3":"status-publish","4":"has-post-thumbnail","6":"product_cat-cat_lixeiras","7":"product_cat-cat_demaislixeiras","8":"product_tag-fibra","9":"product_tag-infantil","10":"product_tag-lixeiras","12":"first","13":"instock","14":"shipping-taxable","15":"purchasable","16":"product-type-simple"},"jetpack_sharing_enabled":true,"_links":{"self":[{"href":"https:\/\/assulba.com.br\/index.php?rest_route=\/wp\/v2\/product\/565","targetHints":{"allow":["GET"]}}],"collection":[{"href":"https:\/\/assulba.com.br\/index.php?rest_route=\/wp\/v2\/product"}],"about":[{"href":"https:\/\/assulba.com.br\/index.php?rest_route=\/wp\/v2\/types\/product"}],"wp:featuredmedia":[{"embeddable":true,"href":"https:\/\/assulba.com.br\/index.php?rest_route=\/wp\/v2\/media\/2494"}],"wp:attachment":[{"href":"https:\/\/assulba.com.br\/index.php?rest_route=%2Fwp%2Fv2%2Fmedia&parent=565"}],"wp:term":[{"taxonomy":"product_brand","embeddable":true,"href":"https:\/\/assulba.com.br\/index.php?rest_route=%2Fwp%2Fv2%2Fproduct_brand&post=565"},{"taxonomy":"product_cat","embeddable":true,"href":"https:\/\/assulba.com.br\/index.php?rest_route=%2Fwp%2Fv2%2Fproduct_cat&post=565"},{"taxonomy":"product_tag","embeddable":true,"href":"https:\/\/assulba.com.br\/index.php?rest_route=%2Fwp%2Fv2%2Fproduct_tag&post=565"}],"curies":[{"name":"wp","href":"https:\/\/api.w.org\/{rel}","templated":true}]}}