{"id":564,"date":"2017-11-13T20:46:07","date_gmt":"2017-11-13T23:46:07","guid":{"rendered":"http:\/\/assulba.com.br\/?post_type=product&#038;p=564"},"modified":"2024-03-17T01:02:28","modified_gmt":"2024-03-17T04:02:28","slug":"assento-almofadado","status":"publish","type":"product","link":"https:\/\/assulba.com.br\/?product=assento-almofadado","title":{"rendered":"ASSENTO SANIT\u00c1RIO SOFT ASTRA"},"content":{"rendered":"","protected":false},"excerpt":{"rendered":"<p>O assento sanit\u00e1rio Soft branco Astra possui arco em pl\u00e1stico soprado com design anat\u00f4mico. Tampo com cobertura total, injetado em polipropileno liso. Indicado para lou\u00e7as ovais.<\/p>\n","protected":false},"featured_media":9100,"template":"","meta":[],"product_brand":[],"product_cat":[22],"product_tag":[83],"class_list":{"0":"post-564","1":"product","2":"type-product","3":"status-publish","4":"has-post-thumbnail","6":"product_cat-banheiro","7":"product_tag-banheiro","9":"first","10":"instock","11":"shipping-taxable","12":"purchasable","13":"product-type-simple"},"jetpack_sharing_enabled":true,"_links":{"self":[{"href":"https:\/\/assulba.com.br\/index.php?rest_route=\/wp\/v2\/product\/564","targetHints":{"allow":["GET"]}}],"collection":[{"href":"https:\/\/assulba.com.br\/index.php?rest_route=\/wp\/v2\/product"}],"about":[{"href":"https:\/\/assulba.com.br\/index.php?rest_route=\/wp\/v2\/types\/product"}],"wp:featuredmedia":[{"embeddable":true,"href":"https:\/\/assulba.com.br\/index.php?rest_route=\/wp\/v2\/media\/9100"}],"wp:attachment":[{"href":"https:\/\/assulba.com.br\/index.php?rest_route=%2Fwp%2Fv2%2Fmedia&parent=564"}],"wp:term":[{"taxonomy":"product_brand","embeddable":true,"href":"https:\/\/assulba.com.br\/index.php?rest_route=%2Fwp%2Fv2%2Fproduct_brand&post=564"},{"taxonomy":"product_cat","embeddable":true,"href":"https:\/\/assulba.com.br\/index.php?rest_route=%2Fwp%2Fv2%2Fproduct_cat&post=564"},{"taxonomy":"product_tag","embeddable":true,"href":"https:\/\/assulba.com.br\/index.php?rest_route=%2Fwp%2Fv2%2Fproduct_tag&post=564"}],"curies":[{"name":"wp","href":"https:\/\/api.w.org\/{rel}","templated":true}]}}