{"id":5629,"date":"2020-08-23T22:13:24","date_gmt":"2020-08-24T01:13:24","guid":{"rendered":"https:\/\/assulba.com.br\/?post_type=product&#038;p=5629"},"modified":"2024-03-17T01:01:03","modified_gmt":"2024-03-17T04:01:03","slug":"contentor-240l-europeu-rodas-pequenas-contemar","status":"publish","type":"product","link":"https:\/\/assulba.com.br\/?product=contentor-240l-europeu-rodas-pequenas-contemar","title":{"rendered":"CONTENTOR 240L EUROPEU (RODAS SCHIOPPA) CONTEMAR"},"content":{"rendered":"","protected":false},"excerpt":{"rendered":"<p>Contentor Europeu Contemar 240L litros com rodas pequenas Schioppa originais de f\u00e1brica e 2 anos de garantia. O longo tempo da garantia deve-se \u00e0 \u00f3tima qualidade do PEAD na sua fabrica\u00e7\u00e3o. Em situa\u00e7\u00f5es de forte impacto, em que outros modelos sofreriam quebras em seu corpo, o contentor da Contemar ir\u00e1 apenas amassar, podendo ser desamassado para voltar \u00e0 sua forma original. Isso ocorre pelo n\u00edvel de pureza da mat\u00e9ria prima usada. Al\u00e9m disso, suas rodas e eixo tamb\u00e9m est\u00e3o entre os melhores no mercado. Portanto, este produto acaba tornando-se a op\u00e7\u00e3o mais econ\u00f4mica em m\u00e9dio e longo prazo.<br \/>\nModelo Europeu com rodas de 20cm de di\u00e2metro.<\/p>\n<p><iframe loading=\"lazy\" width=\"560\" height=\"315\" src=\"https:\/\/www.youtube-nocookie.com\/embed\/MtKzTQRDHlY\" title=\"YouTube video player\" frameborder=\"0\" allow=\"accelerometer; autoplay; clipboard-write; encrypted-media; gyroscope; picture-in-picture\" allowfullscreen><\/iframe><\/p>\n","protected":false},"featured_media":5166,"template":"","meta":[],"product_brand":[],"product_cat":[21,315],"product_tag":[142,76,90],"class_list":{"0":"post-5629","1":"product","2":"type-product","3":"status-publish","4":"has-post-thumbnail","6":"product_cat-cat_lixeiras","7":"product_cat-cat_contentores","8":"product_tag-contemar","9":"product_tag-contentor","10":"product_tag-lixeiras-com-rodas","12":"first","13":"instock","14":"shipping-taxable","15":"purchasable","16":"product-type-simple"},"jetpack_sharing_enabled":true,"_links":{"self":[{"href":"https:\/\/assulba.com.br\/index.php?rest_route=\/wp\/v2\/product\/5629","targetHints":{"allow":["GET"]}}],"collection":[{"href":"https:\/\/assulba.com.br\/index.php?rest_route=\/wp\/v2\/product"}],"about":[{"href":"https:\/\/assulba.com.br\/index.php?rest_route=\/wp\/v2\/types\/product"}],"wp:featuredmedia":[{"embeddable":true,"href":"https:\/\/assulba.com.br\/index.php?rest_route=\/wp\/v2\/media\/5166"}],"wp:attachment":[{"href":"https:\/\/assulba.com.br\/index.php?rest_route=%2Fwp%2Fv2%2Fmedia&parent=5629"}],"wp:term":[{"taxonomy":"product_brand","embeddable":true,"href":"https:\/\/assulba.com.br\/index.php?rest_route=%2Fwp%2Fv2%2Fproduct_brand&post=5629"},{"taxonomy":"product_cat","embeddable":true,"href":"https:\/\/assulba.com.br\/index.php?rest_route=%2Fwp%2Fv2%2Fproduct_cat&post=5629"},{"taxonomy":"product_tag","embeddable":true,"href":"https:\/\/assulba.com.br\/index.php?rest_route=%2Fwp%2Fv2%2Fproduct_tag&post=5629"}],"curies":[{"name":"wp","href":"https:\/\/api.w.org\/{rel}","templated":true}]}}