{"id":561,"date":"2017-11-13T20:42:16","date_gmt":"2017-11-13T20:42:16","guid":{"rendered":"http:\/\/assulba.com.br\/?post_type=product&#038;p=561"},"modified":"2024-03-17T01:02:28","modified_gmt":"2024-03-17T04:02:28","slug":"cx-correspondencia-pgradil-mp-1g","status":"publish","type":"product","link":"https:\/\/assulba.com.br\/?product=cx-correspondencia-pgradil-mp-1g","title":{"rendered":"Caixa de correspond\u00eancia p\/gradil MP1G"},"content":{"rendered":"","protected":false},"excerpt":{"rendered":"<p>Caixa de correspond\u00eancia MP 1G<\/p>\n<p>Uso: Jornais, revistas, cartas.<\/p>\n<p>Aplica\u00e7\u00f5es: Ambientes externos, hall de entrada, guaritas e portarias que possuam estrutura com grade, n\u00e3o \u00e9 necess\u00e1rio abrig\u00e1-las da chuva.<\/p>\n<p>Garantia: Avan\u00e7adas t\u00e9cnicas construtivas de MODULARIZA\u00c7\u00c3O e montagem em suporte de Alum\u00ednio, isentam processos de soldagem, que aliados ao uso de mat\u00e9rias primas do corpo da caixa, fabricados em a\u00e7o carbono, revestido com zinco, alum\u00ednio e sil\u00edcio, eliminam o risco de oxida\u00e7\u00f5es.<\/p>\n<p>A combina\u00e7\u00e3o desses fatores conferem a este produto 10 ANOS DE GARANTIA.<\/p>\n<p>A\u00e7\u00f5es de vandalismo, mau uso e aplica\u00e7\u00f5es n\u00e3o especificadas acima, n\u00e3o est\u00e3o cobertas pela garantia.<\/p>\n","protected":false},"featured_media":1735,"template":"","meta":[],"product_brand":[],"product_cat":[20],"product_tag":[124],"class_list":{"0":"post-561","1":"product","2":"type-product","3":"status-publish","4":"has-post-thumbnail","6":"product_cat-cat_logistica","7":"product_tag-caixas-de-correspondencia","9":"first","10":"instock","11":"shipping-taxable","12":"purchasable","13":"product-type-simple"},"jetpack_sharing_enabled":true,"_links":{"self":[{"href":"https:\/\/assulba.com.br\/index.php?rest_route=\/wp\/v2\/product\/561","targetHints":{"allow":["GET"]}}],"collection":[{"href":"https:\/\/assulba.com.br\/index.php?rest_route=\/wp\/v2\/product"}],"about":[{"href":"https:\/\/assulba.com.br\/index.php?rest_route=\/wp\/v2\/types\/product"}],"wp:featuredmedia":[{"embeddable":true,"href":"https:\/\/assulba.com.br\/index.php?rest_route=\/wp\/v2\/media\/1735"}],"wp:attachment":[{"href":"https:\/\/assulba.com.br\/index.php?rest_route=%2Fwp%2Fv2%2Fmedia&parent=561"}],"wp:term":[{"taxonomy":"product_brand","embeddable":true,"href":"https:\/\/assulba.com.br\/index.php?rest_route=%2Fwp%2Fv2%2Fproduct_brand&post=561"},{"taxonomy":"product_cat","embeddable":true,"href":"https:\/\/assulba.com.br\/index.php?rest_route=%2Fwp%2Fv2%2Fproduct_cat&post=561"},{"taxonomy":"product_tag","embeddable":true,"href":"https:\/\/assulba.com.br\/index.php?rest_route=%2Fwp%2Fv2%2Fproduct_tag&post=561"}],"curies":[{"name":"wp","href":"https:\/\/api.w.org\/{rel}","templated":true}]}}