{"id":560,"date":"2017-11-13T20:40:15","date_gmt":"2017-11-13T20:40:15","guid":{"rendered":"http:\/\/assulba.com.br\/?post_type=product&#038;p=560"},"modified":"2024-03-17T01:02:28","modified_gmt":"2024-03-17T04:02:28","slug":"cx-correspondencia-p-gradil-pi-2g","status":"publish","type":"product","link":"https:\/\/assulba.com.br\/?product=cx-correspondencia-p-gradil-pi-2g","title":{"rendered":"Caixa de correspond\u00eancia p\/gradil Pi2G"},"content":{"rendered":"","protected":false},"excerpt":{"rendered":"<p>Caixa de correspond\u00eancia Pi 2G<\/p>\n<p>Caracter\u00edsticas:<br \/>\n\u2022 Desenvolvida em a\u00e7o e revestida com alum\u00ednio, zinco e sil\u00edcio;<br \/>\n\u2022 Projetada para receber jornais, revistas e cartas;<br \/>\n\u2022 N\u00e3o usa soldas;<br \/>\n\u2022 Suporte em a\u00e7o carbono com pintura eletrost\u00e1tica;<br \/>\n\u2022 Fechadura com 2 c\u00f3pias de chave;<br \/>\n\u2022 Visores em vidro que permitem a verifica\u00e7\u00e3o da exist\u00eancia de correspond\u00eancia sem a necessidade de abertura da caixa;<br \/>\n\u2022 Identifica\u00e7\u00e3o do n\u00famero da resid\u00eancia confeccionado em adesivo de vinil plotado;<br \/>\n\u2022 Cor dispon\u00edvel: prata;<br \/>\n\u2022 Dimens\u00f5es: P 330 x L 320 x A90 mm<br \/>\n\u2022 Garantia de 10 anos contra defeitos de corros\u00e3o e fabrica\u00e7\u00e3o.<\/p>\n","protected":false},"featured_media":1733,"template":"","meta":[],"product_brand":[],"product_cat":[20],"product_tag":[124],"class_list":{"0":"post-560","1":"product","2":"type-product","3":"status-publish","4":"has-post-thumbnail","6":"product_cat-cat_logistica","7":"product_tag-caixas-de-correspondencia","9":"first","10":"instock","11":"shipping-taxable","12":"purchasable","13":"product-type-simple"},"jetpack_sharing_enabled":true,"_links":{"self":[{"href":"https:\/\/assulba.com.br\/index.php?rest_route=\/wp\/v2\/product\/560","targetHints":{"allow":["GET"]}}],"collection":[{"href":"https:\/\/assulba.com.br\/index.php?rest_route=\/wp\/v2\/product"}],"about":[{"href":"https:\/\/assulba.com.br\/index.php?rest_route=\/wp\/v2\/types\/product"}],"wp:featuredmedia":[{"embeddable":true,"href":"https:\/\/assulba.com.br\/index.php?rest_route=\/wp\/v2\/media\/1733"}],"wp:attachment":[{"href":"https:\/\/assulba.com.br\/index.php?rest_route=%2Fwp%2Fv2%2Fmedia&parent=560"}],"wp:term":[{"taxonomy":"product_brand","embeddable":true,"href":"https:\/\/assulba.com.br\/index.php?rest_route=%2Fwp%2Fv2%2Fproduct_brand&post=560"},{"taxonomy":"product_cat","embeddable":true,"href":"https:\/\/assulba.com.br\/index.php?rest_route=%2Fwp%2Fv2%2Fproduct_cat&post=560"},{"taxonomy":"product_tag","embeddable":true,"href":"https:\/\/assulba.com.br\/index.php?rest_route=%2Fwp%2Fv2%2Fproduct_tag&post=560"}],"curies":[{"name":"wp","href":"https:\/\/api.w.org\/{rel}","templated":true}]}}