{"id":559,"date":"2017-11-13T20:38:33","date_gmt":"2017-11-13T20:38:33","guid":{"rendered":"http:\/\/assulba.com.br\/?post_type=product&#038;p=559"},"modified":"2024-03-17T01:02:28","modified_gmt":"2024-03-17T04:02:28","slug":"caixas-de-correspondencia-mp-2i","status":"publish","type":"product","link":"https:\/\/assulba.com.br\/?product=caixas-de-correspondencia-mp-2i","title":{"rendered":"Caixa de correspond\u00eancia MP2i"},"content":{"rendered":"","protected":false},"excerpt":{"rendered":"<p>MP 2i &#8211; Uso: Jornais, revistas, cartas.<\/p>\n<p>Aplica\u00e7\u00f5es da Caixa de Correio: Ambientes internos, hall de entrada, guaritas, portarias, e ambientes externos.<\/p>\n<p>Garantia: Avan\u00e7adas t\u00e9cnicas construtivas de MODULARIZA\u00c7\u00c3O e montagem que isentam processos de soldagem, aliados ao uso de mat\u00e9rias primas em a\u00e7o carbono, revestido com zinco, alum\u00ednio e sil\u00edcio, eliminam o risco de oxida\u00e7\u00f5es.<\/p>\n<p>A combina\u00e7\u00e3o desses fatores conferem a este produto 10 ANOS DE GARANTIA.<\/p>\n<p>A\u00e7\u00f5es de vandalismo, mau uso e aplica\u00e7\u00f5es n\u00e3o especificadas acima, n\u00e3o est\u00e3o cobertas pela garantia.<\/p>\n","protected":false},"featured_media":4543,"template":"","meta":[],"product_brand":[],"product_cat":[20],"product_tag":[124],"class_list":{"0":"post-559","1":"product","2":"type-product","3":"status-publish","4":"has-post-thumbnail","6":"product_cat-cat_logistica","7":"product_tag-caixas-de-correspondencia","9":"first","10":"instock","11":"shipping-taxable","12":"purchasable","13":"product-type-simple"},"jetpack_sharing_enabled":true,"_links":{"self":[{"href":"https:\/\/assulba.com.br\/index.php?rest_route=\/wp\/v2\/product\/559","targetHints":{"allow":["GET"]}}],"collection":[{"href":"https:\/\/assulba.com.br\/index.php?rest_route=\/wp\/v2\/product"}],"about":[{"href":"https:\/\/assulba.com.br\/index.php?rest_route=\/wp\/v2\/types\/product"}],"wp:featuredmedia":[{"embeddable":true,"href":"https:\/\/assulba.com.br\/index.php?rest_route=\/wp\/v2\/media\/4543"}],"wp:attachment":[{"href":"https:\/\/assulba.com.br\/index.php?rest_route=%2Fwp%2Fv2%2Fmedia&parent=559"}],"wp:term":[{"taxonomy":"product_brand","embeddable":true,"href":"https:\/\/assulba.com.br\/index.php?rest_route=%2Fwp%2Fv2%2Fproduct_brand&post=559"},{"taxonomy":"product_cat","embeddable":true,"href":"https:\/\/assulba.com.br\/index.php?rest_route=%2Fwp%2Fv2%2Fproduct_cat&post=559"},{"taxonomy":"product_tag","embeddable":true,"href":"https:\/\/assulba.com.br\/index.php?rest_route=%2Fwp%2Fv2%2Fproduct_tag&post=559"}],"curies":[{"name":"wp","href":"https:\/\/api.w.org\/{rel}","templated":true}]}}