{"id":550,"date":"2017-11-13T20:27:33","date_gmt":"2017-11-13T23:27:33","guid":{"rendered":"http:\/\/assulba.com.br\/?post_type=product&#038;p=550"},"modified":"2024-03-17T01:02:29","modified_gmt":"2024-03-17T04:02:29","slug":"purificadores-agua-mio","status":"publish","type":"product","link":"https:\/\/assulba.com.br\/?product=purificadores-agua-mio","title":{"rendered":"Purificador de \u00c1gua IBBL Avanti Branco"},"content":{"rendered":"","protected":false},"excerpt":{"rendered":"<p>(REF: 0259)<\/p>\n<p>Avanti: o supercompacto que cabe na sua casa, escrit\u00f3rio, restaurante e principalmente no seu bolso.<\/p>\n<p>\u00c1gua natural<br \/>\nBica articul\u00e1vel<br \/>\nFixa\u00e7\u00e3o na parede:por parafuso ou colado com dupla face que acompanha o produto<br \/>\nNanotecnologia: inibe a prolifera\u00e7\u00e3o de micro-organismos<br \/>\nSupercompacto<\/p>\n<p>Etapas de Purifica\u00e7\u00e3o 3<br \/>\nTipo de Filtro Avanti<br \/>\nEfici\u00eancia de Reten\u00e7\u00e3o de Part\u00edculas (\u00b5m) Classe &#8211; C = 5 a &lt; 15<br \/>\nEfici\u00eancia de Redu\u00e7\u00e3o de Cloro Livre Aprovado<br \/>\nBacteriost\u00e1tico Sim<br \/>\nEfici\u00eancia Bacteriol\u00f3gica Sem Efici\u00eancia Bacteriol\u00f3gica<br \/>\nVida \u00datil do Filtro 2.000 L \/ at\u00e9 6 meses<\/p>\n<p>Garantia 1 ano<\/p>\n<p>Dimens\u00f5es<br \/>\nSem Embalagem (A x L x P) mm: 280 x 195 x 129<br \/>\nCom Embalagem (A x L x P) mm: 318,4 x 203,6 x 145,6<br \/>\nPeso L\u00edquido (kg): 0,915<br \/>\nPeso Bruto (kg): 1,08<\/p>\n","protected":false},"featured_media":2402,"template":"","meta":[],"product_brand":[],"product_cat":[303],"product_tag":[98,29,32],"class_list":{"0":"post-550","1":"product","2":"type-product","3":"status-publish","4":"has-post-thumbnail","6":"product_cat-servico-espera","7":"product_tag-agua","8":"product_tag-ibbl","9":"product_tag-purificador","11":"first","12":"instock","13":"shipping-taxable","14":"purchasable","15":"product-type-simple"},"jetpack_sharing_enabled":true,"_links":{"self":[{"href":"https:\/\/assulba.com.br\/index.php?rest_route=\/wp\/v2\/product\/550","targetHints":{"allow":["GET"]}}],"collection":[{"href":"https:\/\/assulba.com.br\/index.php?rest_route=\/wp\/v2\/product"}],"about":[{"href":"https:\/\/assulba.com.br\/index.php?rest_route=\/wp\/v2\/types\/product"}],"wp:featuredmedia":[{"embeddable":true,"href":"https:\/\/assulba.com.br\/index.php?rest_route=\/wp\/v2\/media\/2402"}],"wp:attachment":[{"href":"https:\/\/assulba.com.br\/index.php?rest_route=%2Fwp%2Fv2%2Fmedia&parent=550"}],"wp:term":[{"taxonomy":"product_brand","embeddable":true,"href":"https:\/\/assulba.com.br\/index.php?rest_route=%2Fwp%2Fv2%2Fproduct_brand&post=550"},{"taxonomy":"product_cat","embeddable":true,"href":"https:\/\/assulba.com.br\/index.php?rest_route=%2Fwp%2Fv2%2Fproduct_cat&post=550"},{"taxonomy":"product_tag","embeddable":true,"href":"https:\/\/assulba.com.br\/index.php?rest_route=%2Fwp%2Fv2%2Fproduct_tag&post=550"}],"curies":[{"name":"wp","href":"https:\/\/api.w.org\/{rel}","templated":true}]}}