{"id":5489,"date":"2020-06-24T09:42:46","date_gmt":"2020-06-24T12:42:46","guid":{"rendered":"https:\/\/assulba.com.br\/?post_type=product&#038;p=5489"},"modified":"2024-03-17T01:01:03","modified_gmt":"2024-03-17T04:01:03","slug":"protetor-facial-facial-shield","status":"publish","type":"product","link":"https:\/\/assulba.com.br\/?product=protetor-facial-facial-shield","title":{"rendered":"PROTETOR FACIAL \/ FACE SHIELD"},"content":{"rendered":"","protected":false},"excerpt":{"rendered":"<p>Visor em PETG 0,5 mm de alta transpar\u00eancia e estrutura em polipropileno injetado flex\u00edvel. Produzido segundo a norma da ANVISA (RDC 356, Mar\u00e7o de 2020). \u00d3tima durabilidade.<\/p>\n","protected":false},"featured_media":5491,"template":"","meta":[],"product_brand":[],"product_cat":[305],"product_tag":[168,162],"class_list":{"0":"post-5489","1":"product","2":"type-product","3":"status-publish","4":"has-post-thumbnail","6":"product_cat-cat_epi","7":"product_tag-epi","8":"product_tag-higiene","10":"first","11":"instock","12":"shipping-taxable","13":"purchasable","14":"product-type-simple"},"jetpack_sharing_enabled":true,"_links":{"self":[{"href":"https:\/\/assulba.com.br\/index.php?rest_route=\/wp\/v2\/product\/5489","targetHints":{"allow":["GET"]}}],"collection":[{"href":"https:\/\/assulba.com.br\/index.php?rest_route=\/wp\/v2\/product"}],"about":[{"href":"https:\/\/assulba.com.br\/index.php?rest_route=\/wp\/v2\/types\/product"}],"wp:featuredmedia":[{"embeddable":true,"href":"https:\/\/assulba.com.br\/index.php?rest_route=\/wp\/v2\/media\/5491"}],"wp:attachment":[{"href":"https:\/\/assulba.com.br\/index.php?rest_route=%2Fwp%2Fv2%2Fmedia&parent=5489"}],"wp:term":[{"taxonomy":"product_brand","embeddable":true,"href":"https:\/\/assulba.com.br\/index.php?rest_route=%2Fwp%2Fv2%2Fproduct_brand&post=5489"},{"taxonomy":"product_cat","embeddable":true,"href":"https:\/\/assulba.com.br\/index.php?rest_route=%2Fwp%2Fv2%2Fproduct_cat&post=5489"},{"taxonomy":"product_tag","embeddable":true,"href":"https:\/\/assulba.com.br\/index.php?rest_route=%2Fwp%2Fv2%2Fproduct_tag&post=5489"}],"curies":[{"name":"wp","href":"https:\/\/api.w.org\/{rel}","templated":true}]}}