{"id":547,"date":"2017-11-13T20:24:10","date_gmt":"2017-11-13T23:24:10","guid":{"rendered":"http:\/\/assulba.com.br\/?post_type=product&#038;p=547"},"modified":"2024-03-17T01:02:29","modified_gmt":"2024-03-17T04:02:29","slug":"bebedouro-bdf-300-2t","status":"publish","type":"product","link":"https:\/\/assulba.com.br\/?product=bebedouro-bdf-300-2t","title":{"rendered":"Purificador de press\u00e3o IBBL PDF300 &#8211; 2T"},"content":{"rendered":"","protected":false},"excerpt":{"rendered":"<p>(SOB ENCOMENDA)<\/p>\n<p>REF. 0277<\/p>\n<p>O Purificador de Press\u00e3o PDF 300 2T foi projetado para atender locais com grande fluxo de pessoas e principalmente no atendimento ao desenho universal, sendo acess\u00edvel \u00e0 deficientes f\u00edsicos e pessoas com mobilidade reduzida. Est\u00e1 adequado a norma ABNT-NBR 9050:2015 e o Decreto 5296\/2004 e pode ser utilizado em \u00e1reas internas e externas.<\/p>\n<p>CARACTER\u00cdSTICAS<br \/>\nEcocompressor (g\u00e1s R-134a n\u00e3o agride a camada de oz\u00f4nio)<br \/>\nRefil Girou, Trocou: troque sem fechar o registro<br \/>\nTeclas em Braille<br \/>\nJato para boca<br \/>\nProtetor bucal flex\u00edvel<br \/>\nRegulagem do jato de \u00e1gua<br \/>\nRefil Bacteriost\u00e1stico: controla a prolifera\u00e7\u00e3o de bact\u00e9rias<br \/>\nElimina odores<br \/>\nElimina sabores<br \/>\nRet\u00e9m micropart\u00edculas presentes na \u00e1gua<br \/>\nEasy Clean (desmont\u00e1vel para higieniza\u00e7\u00e3o)**<br \/>\nSerpentina externa (f\u00e1cil higieniza\u00e7\u00e3o)<br \/>\nGabinete em chapa eletrozincada na cor prata<br \/>\nTampo em a\u00e7o inox 304 escovado<br \/>\nDep\u00f3sito de \u00e1gua em a\u00e7o inox 304<br \/>\nDreno para limpeza<br \/>\nRalo sifonado<br \/>\nFixa\u00e7\u00e3o na parede<\/p>\n","protected":false},"featured_media":4770,"template":"","meta":[],"product_brand":[],"product_cat":[303],"product_tag":[98,57,29,31,32],"class_list":{"0":"post-547","1":"product","2":"type-product","3":"status-publish","4":"has-post-thumbnail","6":"product_cat-servico-espera","7":"product_tag-agua","8":"product_tag-eletrico","9":"product_tag-ibbl","10":"product_tag-inox","11":"product_tag-purificador","13":"first","14":"onbackorder","15":"shipping-taxable","16":"purchasable","17":"product-type-simple"},"jetpack_sharing_enabled":true,"_links":{"self":[{"href":"https:\/\/assulba.com.br\/index.php?rest_route=\/wp\/v2\/product\/547","targetHints":{"allow":["GET"]}}],"collection":[{"href":"https:\/\/assulba.com.br\/index.php?rest_route=\/wp\/v2\/product"}],"about":[{"href":"https:\/\/assulba.com.br\/index.php?rest_route=\/wp\/v2\/types\/product"}],"wp:featuredmedia":[{"embeddable":true,"href":"https:\/\/assulba.com.br\/index.php?rest_route=\/wp\/v2\/media\/4770"}],"wp:attachment":[{"href":"https:\/\/assulba.com.br\/index.php?rest_route=%2Fwp%2Fv2%2Fmedia&parent=547"}],"wp:term":[{"taxonomy":"product_brand","embeddable":true,"href":"https:\/\/assulba.com.br\/index.php?rest_route=%2Fwp%2Fv2%2Fproduct_brand&post=547"},{"taxonomy":"product_cat","embeddable":true,"href":"https:\/\/assulba.com.br\/index.php?rest_route=%2Fwp%2Fv2%2Fproduct_cat&post=547"},{"taxonomy":"product_tag","embeddable":true,"href":"https:\/\/assulba.com.br\/index.php?rest_route=%2Fwp%2Fv2%2Fproduct_tag&post=547"}],"curies":[{"name":"wp","href":"https:\/\/api.w.org\/{rel}","templated":true}]}}