{"id":5424,"date":"2020-05-18T19:03:24","date_gmt":"2020-05-18T22:03:24","guid":{"rendered":"https:\/\/assulba.com.br\/?post_type=product&#038;p=5424"},"modified":"2024-03-17T01:01:04","modified_gmt":"2024-03-17T04:01:04","slug":"lixeira-com-pedal-preta-15l","status":"publish","type":"product","link":"https:\/\/assulba.com.br\/?product=lixeira-com-pedal-preta-15l","title":{"rendered":"LIXEIRA COM PEDAL PRETA 15L"},"content":{"rendered":"","protected":false},"excerpt":{"rendered":"<p>Lixeira pl\u00e1stica em polipropileno com abertura da tampa por pedal. F\u00e1cil higieniza\u00e7\u00e3o e design que combina com qualquer ambiente.<br \/>\nValidade: indeterminada<\/p>\n<p>Cor: Preto<\/p>\n","protected":false},"featured_media":8873,"template":"","meta":[],"product_brand":[],"product_cat":[21,316],"product_tag":[70,72],"class_list":{"0":"post-5424","1":"product","2":"type-product","3":"status-publish","4":"has-post-thumbnail","6":"product_cat-cat_lixeiras","7":"product_cat-cat_plast-pedal","8":"product_tag-lixeiras","9":"product_tag-pedal","11":"first","12":"instock","13":"shipping-taxable","14":"purchasable","15":"product-type-simple"},"jetpack_sharing_enabled":true,"_links":{"self":[{"href":"https:\/\/assulba.com.br\/index.php?rest_route=\/wp\/v2\/product\/5424","targetHints":{"allow":["GET"]}}],"collection":[{"href":"https:\/\/assulba.com.br\/index.php?rest_route=\/wp\/v2\/product"}],"about":[{"href":"https:\/\/assulba.com.br\/index.php?rest_route=\/wp\/v2\/types\/product"}],"wp:featuredmedia":[{"embeddable":true,"href":"https:\/\/assulba.com.br\/index.php?rest_route=\/wp\/v2\/media\/8873"}],"wp:attachment":[{"href":"https:\/\/assulba.com.br\/index.php?rest_route=%2Fwp%2Fv2%2Fmedia&parent=5424"}],"wp:term":[{"taxonomy":"product_brand","embeddable":true,"href":"https:\/\/assulba.com.br\/index.php?rest_route=%2Fwp%2Fv2%2Fproduct_brand&post=5424"},{"taxonomy":"product_cat","embeddable":true,"href":"https:\/\/assulba.com.br\/index.php?rest_route=%2Fwp%2Fv2%2Fproduct_cat&post=5424"},{"taxonomy":"product_tag","embeddable":true,"href":"https:\/\/assulba.com.br\/index.php?rest_route=%2Fwp%2Fv2%2Fproduct_tag&post=5424"}],"curies":[{"name":"wp","href":"https:\/\/api.w.org\/{rel}","templated":true}]}}