{"id":5401,"date":"2020-05-15T22:21:12","date_gmt":"2020-05-16T01:21:12","guid":{"rendered":"https:\/\/assulba.com.br\/?post_type=product&#038;p=5401"},"modified":"2024-03-17T01:01:04","modified_gmt":"2024-03-17T04:01:04","slug":"alcool-liquido-70-antisseptico-5-litros","status":"publish","type":"product","link":"https:\/\/assulba.com.br\/?product=alcool-liquido-70-antisseptico-5-litros","title":{"rendered":"\u00c1LCOOL L\u00cdQUIDO 70% ANTISS\u00c9PTICO 5 LITROS"},"content":{"rendered":"","protected":false},"excerpt":{"rendered":"<p>\u00c1lcool l\u00edquido 70% \u00e9 adequado na assepsia de superf\u00edcies e objetos, utilizando borrifadores ou flanelas. Sua efici\u00eancia antiss\u00e9ptica \u00e9 de 99,99% contra microrganismos mais comuns, causadores de doen\u00e7as.<\/p>\n","protected":false},"featured_media":5520,"template":"","meta":[],"product_brand":[],"product_cat":[153],"product_tag":[27,146],"class_list":{"0":"post-5401","1":"product","2":"type-product","3":"status-publish","4":"has-post-thumbnail","6":"product_cat-quimicos","7":"product_tag-limpeza","8":"product_tag-produto-de-limpeza","10":"first","11":"instock","12":"shipping-taxable","13":"purchasable","14":"product-type-simple"},"jetpack_sharing_enabled":true,"_links":{"self":[{"href":"https:\/\/assulba.com.br\/index.php?rest_route=\/wp\/v2\/product\/5401","targetHints":{"allow":["GET"]}}],"collection":[{"href":"https:\/\/assulba.com.br\/index.php?rest_route=\/wp\/v2\/product"}],"about":[{"href":"https:\/\/assulba.com.br\/index.php?rest_route=\/wp\/v2\/types\/product"}],"wp:featuredmedia":[{"embeddable":true,"href":"https:\/\/assulba.com.br\/index.php?rest_route=\/wp\/v2\/media\/5520"}],"wp:attachment":[{"href":"https:\/\/assulba.com.br\/index.php?rest_route=%2Fwp%2Fv2%2Fmedia&parent=5401"}],"wp:term":[{"taxonomy":"product_brand","embeddable":true,"href":"https:\/\/assulba.com.br\/index.php?rest_route=%2Fwp%2Fv2%2Fproduct_brand&post=5401"},{"taxonomy":"product_cat","embeddable":true,"href":"https:\/\/assulba.com.br\/index.php?rest_route=%2Fwp%2Fv2%2Fproduct_cat&post=5401"},{"taxonomy":"product_tag","embeddable":true,"href":"https:\/\/assulba.com.br\/index.php?rest_route=%2Fwp%2Fv2%2Fproduct_tag&post=5401"}],"curies":[{"name":"wp","href":"https:\/\/api.w.org\/{rel}","templated":true}]}}