{"id":539,"date":"2017-11-13T20:04:35","date_gmt":"2017-11-13T20:04:35","guid":{"rendered":"http:\/\/assulba.com.br\/?post_type=product&#038;p=539"},"modified":"2024-09-07T19:32:27","modified_gmt":"2024-09-07T22:32:27","slug":"trava-para-carrinho","status":"publish","type":"product","link":"https:\/\/assulba.com.br\/?product=trava-para-carrinho","title":{"rendered":"TRAVA PARA CARRINHO DE COMPRAS"},"content":{"rendered":"","protected":false},"excerpt":{"rendered":"<p>O funcionamento deste dispositivo \u00e9 simples. Para liberar o carrinho voc\u00ea precisa colocar sua chave na trava. Esta chave cont\u00e9m o numero do apartamento. Ap\u00f3s utilizar o carrinho, o usu\u00e1rio o devolve no seu lugar e retira sua chave.<\/p>\n","protected":false},"featured_media":9582,"template":"","meta":[],"product_brand":[],"product_cat":[20],"product_tag":[61],"class_list":{"0":"post-539","1":"product","2":"type-product","3":"status-publish","4":"has-post-thumbnail","6":"product_cat-cat_logistica","7":"product_tag-carrinho-de-compras","9":"first","10":"instock","11":"featured","12":"shipping-taxable","13":"purchasable","14":"product-type-simple"},"jetpack_sharing_enabled":true,"_links":{"self":[{"href":"https:\/\/assulba.com.br\/index.php?rest_route=\/wp\/v2\/product\/539","targetHints":{"allow":["GET"]}}],"collection":[{"href":"https:\/\/assulba.com.br\/index.php?rest_route=\/wp\/v2\/product"}],"about":[{"href":"https:\/\/assulba.com.br\/index.php?rest_route=\/wp\/v2\/types\/product"}],"wp:featuredmedia":[{"embeddable":true,"href":"https:\/\/assulba.com.br\/index.php?rest_route=\/wp\/v2\/media\/9582"}],"wp:attachment":[{"href":"https:\/\/assulba.com.br\/index.php?rest_route=%2Fwp%2Fv2%2Fmedia&parent=539"}],"wp:term":[{"taxonomy":"product_brand","embeddable":true,"href":"https:\/\/assulba.com.br\/index.php?rest_route=%2Fwp%2Fv2%2Fproduct_brand&post=539"},{"taxonomy":"product_cat","embeddable":true,"href":"https:\/\/assulba.com.br\/index.php?rest_route=%2Fwp%2Fv2%2Fproduct_cat&post=539"},{"taxonomy":"product_tag","embeddable":true,"href":"https:\/\/assulba.com.br\/index.php?rest_route=%2Fwp%2Fv2%2Fproduct_tag&post=539"}],"curies":[{"name":"wp","href":"https:\/\/api.w.org\/{rel}","templated":true}]}}