{"id":5369,"date":"2020-05-04T18:29:08","date_gmt":"2020-05-04T21:29:08","guid":{"rendered":"https:\/\/assulba.com.br\/?post_type=product&#038;p=5369"},"modified":"2024-03-17T01:01:04","modified_gmt":"2024-03-17T04:01:04","slug":"escova-limpa-tudo-macia-bralimpia","status":"publish","type":"product","link":"https:\/\/assulba.com.br\/?product=escova-limpa-tudo-macia-bralimpia","title":{"rendered":"ESCOVA LIMPA TUDO MACIA BRALIMPIA"},"content":{"rendered":"","protected":false},"excerpt":{"rendered":"<p>A Escova LT de cerdas macias \u00e9 utilizada com um cabo de alum\u00ednio, proporcionando uma limpeza f\u00e1cil, r\u00e1pida e profunda em pisos de diversos tipos. S\u00e3o resistentes a produtos qu\u00edmicos fortes e apresentam uma longa vida \u00fatil, que resulta em economia nos custos com equipamentos de limpeza. Fabricada em polietileno e cerdas de nylon, \u00e9 adequada para sujeiras pesadas, principalmente em locais irregulares ou com rejuntes, onde fibras n\u00e3o produzem o resultado esperado. Possui junta articulada entre a base que prende o cabo e o suporte da escova.<\/p>\n<p>Tamanho de 26 cm de comprimento e 10 cm de largura.<\/p>\n","protected":false},"featured_media":8767,"template":"","meta":[],"product_brand":[],"product_cat":[135,310],"product_tag":[131,111,27],"class_list":{"0":"post-5369","1":"product","2":"type-product","3":"status-publish","4":"has-post-thumbnail","6":"product_cat-cat_limpeza","7":"product_cat-cat_limpeza_umida","8":"product_tag-bralimpia","9":"product_tag-escova","10":"product_tag-limpeza","12":"first","13":"instock","14":"shipping-taxable","15":"purchasable","16":"product-type-simple"},"jetpack_sharing_enabled":true,"_links":{"self":[{"href":"https:\/\/assulba.com.br\/index.php?rest_route=\/wp\/v2\/product\/5369","targetHints":{"allow":["GET"]}}],"collection":[{"href":"https:\/\/assulba.com.br\/index.php?rest_route=\/wp\/v2\/product"}],"about":[{"href":"https:\/\/assulba.com.br\/index.php?rest_route=\/wp\/v2\/types\/product"}],"wp:featuredmedia":[{"embeddable":true,"href":"https:\/\/assulba.com.br\/index.php?rest_route=\/wp\/v2\/media\/8767"}],"wp:attachment":[{"href":"https:\/\/assulba.com.br\/index.php?rest_route=%2Fwp%2Fv2%2Fmedia&parent=5369"}],"wp:term":[{"taxonomy":"product_brand","embeddable":true,"href":"https:\/\/assulba.com.br\/index.php?rest_route=%2Fwp%2Fv2%2Fproduct_brand&post=5369"},{"taxonomy":"product_cat","embeddable":true,"href":"https:\/\/assulba.com.br\/index.php?rest_route=%2Fwp%2Fv2%2Fproduct_cat&post=5369"},{"taxonomy":"product_tag","embeddable":true,"href":"https:\/\/assulba.com.br\/index.php?rest_route=%2Fwp%2Fv2%2Fproduct_tag&post=5369"}],"curies":[{"name":"wp","href":"https:\/\/api.w.org\/{rel}","templated":true}]}}