{"id":5366,"date":"2020-05-04T16:17:09","date_gmt":"2020-05-04T19:17:09","guid":{"rendered":"https:\/\/assulba.com.br\/?post_type=product&#038;p=5366"},"modified":"2024-03-17T01:01:04","modified_gmt":"2024-03-17T04:01:04","slug":"organizador-para-6-acessorios-bralimpia","status":"publish","type":"product","link":"https:\/\/assulba.com.br\/?product=organizador-para-6-acessorios-bralimpia","title":{"rendered":"ORGANIZADOR PARA 6 ACESS\u00d3RIOS BRALIMPIA"},"content":{"rendered":"","protected":false},"excerpt":{"rendered":"<p>O organizador de acess\u00f3rios da Bralimpia \u00e9 indicado para guardar, de forma pr\u00e1tica, vassouras, mops, rodos e mesmo ferramentas menores, como martelos, p\u00e1s pequenas, sachos, etc. \u00c9 leve, resistente e de f\u00e1cil instala\u00e7\u00e3o. Possui um sistema no qual os acess\u00f3rios s\u00e3o fixados pelos cabos atrav\u00e9s de clipes com arcos internos adapt\u00e1veis a variados di\u00e2metros. \u00c9 produzido em estrutura de alum\u00ednio anodizado com clipes de nylon e presilhas em borracha.<\/p>\n<p>Possui capacidade para 6 acess\u00f3rios e tamanho de 70 cm de comprimento.<\/p>\n","protected":false},"featured_media":5367,"template":"","meta":[],"product_brand":[],"product_cat":[135,310,309,20],"product_tag":[131,110,115,52],"class_list":{"0":"post-5366","1":"product","2":"type-product","3":"status-publish","4":"has-post-thumbnail","6":"product_cat-cat_limpeza","7":"product_cat-cat_limpeza_umida","8":"product_cat-cat_limpeza_seca","9":"product_cat-cat_logistica","10":"product_tag-bralimpia","11":"product_tag-mops","12":"product_tag-rodos","13":"product_tag-vassoura","15":"first","16":"instock","17":"shipping-taxable","18":"purchasable","19":"product-type-simple"},"jetpack_sharing_enabled":true,"_links":{"self":[{"href":"https:\/\/assulba.com.br\/index.php?rest_route=\/wp\/v2\/product\/5366","targetHints":{"allow":["GET"]}}],"collection":[{"href":"https:\/\/assulba.com.br\/index.php?rest_route=\/wp\/v2\/product"}],"about":[{"href":"https:\/\/assulba.com.br\/index.php?rest_route=\/wp\/v2\/types\/product"}],"wp:featuredmedia":[{"embeddable":true,"href":"https:\/\/assulba.com.br\/index.php?rest_route=\/wp\/v2\/media\/5367"}],"wp:attachment":[{"href":"https:\/\/assulba.com.br\/index.php?rest_route=%2Fwp%2Fv2%2Fmedia&parent=5366"}],"wp:term":[{"taxonomy":"product_brand","embeddable":true,"href":"https:\/\/assulba.com.br\/index.php?rest_route=%2Fwp%2Fv2%2Fproduct_brand&post=5366"},{"taxonomy":"product_cat","embeddable":true,"href":"https:\/\/assulba.com.br\/index.php?rest_route=%2Fwp%2Fv2%2Fproduct_cat&post=5366"},{"taxonomy":"product_tag","embeddable":true,"href":"https:\/\/assulba.com.br\/index.php?rest_route=%2Fwp%2Fv2%2Fproduct_tag&post=5366"}],"curies":[{"name":"wp","href":"https:\/\/api.w.org\/{rel}","templated":true}]}}