{"id":536,"date":"2017-11-13T20:01:41","date_gmt":"2017-11-13T23:01:41","guid":{"rendered":"http:\/\/assulba.com.br\/?post_type=product&#038;p=536"},"modified":"2024-03-17T01:02:29","modified_gmt":"2024-03-17T04:02:29","slug":"carro-plataforma","status":"publish","type":"product","link":"https:\/\/assulba.com.br\/?product=carro-plataforma","title":{"rendered":"Carrinho Plataforma VONDER"},"content":{"rendered":"","protected":false},"excerpt":{"rendered":"<p>REF. 3705 \/ REF. 3704<\/p>\n<p>Modelos dispon\u00edveis:<br \/>\n* com tela nas laterais ou (conforme a foto) sem tela<br \/>\n* base de chapa ou (conforme a foto) base de madeira<\/p>\n<p>Indicado para transporte de cargas em geral, sendo a press\u00e3o m\u00e1xima dos pneus de 25 lbf\/pol\u00b2. Carrinho \u00e9 enviado desmontado.<br \/>\nPossui estrutura com acabamento pintado, proporcionando maior resist\u00eancia \u00e0 corros\u00e3o\/oxida\u00e7\u00e3o. Aro com roletes e graxeira.<\/p>\n<p>Tipo de roda do carrinho plataforma: Pneu com c\u00e2mara<br \/>\nTamanho da roda do carrinho plataforma: 3,25 x 8&#8243;<br \/>\nComprimento da plataforma do carrinho plataforma: 150,0 cm<br \/>\nLargura da plataforma do carrinho plataforma: 80,0 cm<br \/>\nAltura do carrinho plataforma: 40,0 cm<br \/>\nMaterial da estrutura do carrinho plataforma: A\u00e7o carbono<br \/>\nMaterial da plataforma do carrinho plataforma: Madeira<br \/>\nCor do carrinho plataforma: Amarelo<br \/>\nCapacidade de carga do carrinho plataforma: 600 kgf<br \/>\nGarantia &#8211; E (CDC): Garantia legal: 90 dias<\/p>\n","protected":false},"featured_media":4427,"template":"","meta":[],"product_brand":[],"product_cat":[20],"product_tag":[69,54],"class_list":{"0":"post-536","1":"product","2":"type-product","3":"status-publish","4":"has-post-thumbnail","6":"product_cat-cat_logistica","7":"product_tag-carga","8":"product_tag-carrinho","10":"first","11":"onbackorder","12":"shipping-taxable","13":"purchasable","14":"product-type-simple"},"jetpack_sharing_enabled":true,"_links":{"self":[{"href":"https:\/\/assulba.com.br\/index.php?rest_route=\/wp\/v2\/product\/536","targetHints":{"allow":["GET"]}}],"collection":[{"href":"https:\/\/assulba.com.br\/index.php?rest_route=\/wp\/v2\/product"}],"about":[{"href":"https:\/\/assulba.com.br\/index.php?rest_route=\/wp\/v2\/types\/product"}],"wp:featuredmedia":[{"embeddable":true,"href":"https:\/\/assulba.com.br\/index.php?rest_route=\/wp\/v2\/media\/4427"}],"wp:attachment":[{"href":"https:\/\/assulba.com.br\/index.php?rest_route=%2Fwp%2Fv2%2Fmedia&parent=536"}],"wp:term":[{"taxonomy":"product_brand","embeddable":true,"href":"https:\/\/assulba.com.br\/index.php?rest_route=%2Fwp%2Fv2%2Fproduct_brand&post=536"},{"taxonomy":"product_cat","embeddable":true,"href":"https:\/\/assulba.com.br\/index.php?rest_route=%2Fwp%2Fv2%2Fproduct_cat&post=536"},{"taxonomy":"product_tag","embeddable":true,"href":"https:\/\/assulba.com.br\/index.php?rest_route=%2Fwp%2Fv2%2Fproduct_tag&post=536"}],"curies":[{"name":"wp","href":"https:\/\/api.w.org\/{rel}","templated":true}]}}