{"id":534,"date":"2017-11-13T20:00:02","date_gmt":"2017-11-13T23:00:02","guid":{"rendered":"http:\/\/assulba.com.br\/?post_type=product&#038;p=534"},"modified":"2024-09-07T17:09:01","modified_gmt":"2024-09-07T20:09:01","slug":"carro-enrolador-de-mangueira","status":"publish","type":"product","link":"https:\/\/assulba.com.br\/?product=carro-enrolador-de-mangueira","title":{"rendered":"Enrolador de mangueira met\u00e1lico"},"content":{"rendered":"","protected":false},"excerpt":{"rendered":"<p>REF. 1053<\/p>\n<p>Enrolador met\u00e1lico para mangueira, com revestimento eletrost\u00e1tico contra a oxida\u00e7\u00e3o.<\/p>\n<p>Medidas gerais: 89 cm \/ 64 cm \/ 65 cm.<\/p>\n<p>Medidas do suporte: 64 cm\u00a0\/ 25 cm.<\/p>\n","protected":false},"featured_media":4486,"template":"","meta":[],"product_brand":[],"product_cat":[313],"product_tag":[54,53,35],"class_list":{"0":"post-534","1":"product","2":"type-product","3":"status-publish","4":"has-post-thumbnail","6":"product_cat-cat_jardinagem","7":"product_tag-carrinho","8":"product_tag-enrolador-de-mangueira","9":"product_tag-jardim","11":"first","12":"instock","13":"shipping-taxable","14":"purchasable","15":"product-type-simple"},"jetpack_sharing_enabled":true,"_links":{"self":[{"href":"https:\/\/assulba.com.br\/index.php?rest_route=\/wp\/v2\/product\/534","targetHints":{"allow":["GET"]}}],"collection":[{"href":"https:\/\/assulba.com.br\/index.php?rest_route=\/wp\/v2\/product"}],"about":[{"href":"https:\/\/assulba.com.br\/index.php?rest_route=\/wp\/v2\/types\/product"}],"wp:featuredmedia":[{"embeddable":true,"href":"https:\/\/assulba.com.br\/index.php?rest_route=\/wp\/v2\/media\/4486"}],"wp:attachment":[{"href":"https:\/\/assulba.com.br\/index.php?rest_route=%2Fwp%2Fv2%2Fmedia&parent=534"}],"wp:term":[{"taxonomy":"product_brand","embeddable":true,"href":"https:\/\/assulba.com.br\/index.php?rest_route=%2Fwp%2Fv2%2Fproduct_brand&post=534"},{"taxonomy":"product_cat","embeddable":true,"href":"https:\/\/assulba.com.br\/index.php?rest_route=%2Fwp%2Fv2%2Fproduct_cat&post=534"},{"taxonomy":"product_tag","embeddable":true,"href":"https:\/\/assulba.com.br\/index.php?rest_route=%2Fwp%2Fv2%2Fproduct_tag&post=534"}],"curies":[{"name":"wp","href":"https:\/\/api.w.org\/{rel}","templated":true}]}}