{"id":5337,"date":"2020-05-01T13:59:35","date_gmt":"2020-05-01T16:59:35","guid":{"rendered":"https:\/\/assulba.com.br\/?post_type=product&#038;p=5337"},"modified":"2024-03-17T01:01:04","modified_gmt":"2024-03-17T04:01:04","slug":"lavadora-de-alta-pressao-hd-555-profissional-karcher","status":"publish","type":"product","link":"https:\/\/assulba.com.br\/?product=lavadora-de-alta-pressao-hd-555-profissional-karcher","title":{"rendered":"LAVADORA DE ALTA PRESS\u00c3O HD 555 PROF K\u00c4RCHER"},"content":{"rendered":"","protected":false},"excerpt":{"rendered":"<p>A Lavadora de Alta Press\u00e3o HD 555 Profissional Turbo da K\u00e4rcher \u00e9 a vers\u00e3o sem rodas da famosa HD 585. A HD 555 possui a mesma capacidade e efici\u00eancia da HD 585, por\u00e9m, pode ser adquirida por um pre\u00e7o bem mais baixo, por n\u00e3o acompanhar o carrinho embutido. Por outro lado, ela possui alguns acess\u00f3rios exclusivos. Por exemplo, reservat\u00f3rio para adicionar produtos de limpeza diretamente no jato de \u00e1gua, entre outros. A HD 555 pode ser a melhor op\u00e7\u00e3o para quem deseja a HD 585, mas n\u00e3o precisa do carrinho da vers\u00e3o tradicional.<\/p>\n<p>Motor de indu\u00e7\u00e3o<br \/>\nEconomia at\u00e9 80% de \u00e1gua<br \/>\nBaixo consumo de energia<\/p>\n<p><iframe loading=\"lazy\" width=\"560\" height=\"315\" src=\"https:\/\/www.youtube-nocookie.com\/embed\/15MtYxOxyEU\" title=\"YouTube video player\" frameborder=\"0\" allow=\"accelerometer; autoplay; clipboard-write; encrypted-media; gyroscope; picture-in-picture\" allowfullscreen><\/iframe><\/p>\n<p>Itens Inclusos<br \/>\n01 Lavadora de Alta Press\u00e3o HD 555 Profi Turbo<br \/>\n01 Pistola e Mangueira de 7,5 Metros<br \/>\n01 Tubeira Vario (leque alta press\u00e3o e reto alta press\u00e3o)<br \/>\n01 Tubeira Turbo (jato concentrado aplicado de forma rotativa em alta velocidade)<br \/>\n01 Engate R\u00e1pido<br \/>\n01 Aplicador de Detergente<br \/>\n01 Manual de Instru\u00e7\u00f5es<\/p>\n<p>Dados T\u00e9cnicos<br \/>\nModelo: HD 555 Profi Turbo<br \/>\nTens\u00e3o (V): 127 | 220<br \/>\nPot\u00eancia (W): 1.500 | 2.200<br \/>\nPress\u00e3o (lb\/pol\u00b2) (bar): 1450 (110) | 1740 (120)<br \/>\nVaz\u00e3o (L\/h): 400 | 500<br \/>\nPeso (kg): 17,7<br \/>\nDimens\u00f5es (mm) (CxLxA): 520 x 320 x 430<\/p>\n<p>Certificada compulsoriamente junto ao INMETRO pelo OCP ICBr &#8211; 0052.<\/p>\n<p>Garantia: 12 meses<\/p>\n","protected":false},"featured_media":5346,"template":"","meta":[],"product_brand":[],"product_cat":[135,310],"product_tag":[57,25,169],"class_list":{"0":"post-5337","1":"product","2":"type-product","3":"status-publish","4":"has-post-thumbnail","6":"product_cat-cat_limpeza","7":"product_cat-cat_limpeza_umida","8":"product_tag-eletrico","9":"product_tag-karcher","10":"product_tag-lavadora","12":"first","13":"instock","14":"shipping-taxable","15":"purchasable","16":"product-type-simple"},"jetpack_sharing_enabled":true,"_links":{"self":[{"href":"https:\/\/assulba.com.br\/index.php?rest_route=\/wp\/v2\/product\/5337","targetHints":{"allow":["GET"]}}],"collection":[{"href":"https:\/\/assulba.com.br\/index.php?rest_route=\/wp\/v2\/product"}],"about":[{"href":"https:\/\/assulba.com.br\/index.php?rest_route=\/wp\/v2\/types\/product"}],"wp:featuredmedia":[{"embeddable":true,"href":"https:\/\/assulba.com.br\/index.php?rest_route=\/wp\/v2\/media\/5346"}],"wp:attachment":[{"href":"https:\/\/assulba.com.br\/index.php?rest_route=%2Fwp%2Fv2%2Fmedia&parent=5337"}],"wp:term":[{"taxonomy":"product_brand","embeddable":true,"href":"https:\/\/assulba.com.br\/index.php?rest_route=%2Fwp%2Fv2%2Fproduct_brand&post=5337"},{"taxonomy":"product_cat","embeddable":true,"href":"https:\/\/assulba.com.br\/index.php?rest_route=%2Fwp%2Fv2%2Fproduct_cat&post=5337"},{"taxonomy":"product_tag","embeddable":true,"href":"https:\/\/assulba.com.br\/index.php?rest_route=%2Fwp%2Fv2%2Fproduct_tag&post=5337"}],"curies":[{"name":"wp","href":"https:\/\/api.w.org\/{rel}","templated":true}]}}