{"id":533,"date":"2017-11-13T19:59:03","date_gmt":"2017-11-13T19:59:03","guid":{"rendered":"http:\/\/assulba.com.br\/?post_type=product&#038;p=533"},"modified":"2024-03-17T01:02:29","modified_gmt":"2024-03-17T04:02:29","slug":"carro-armazem","status":"publish","type":"product","link":"https:\/\/assulba.com.br\/?product=carro-armazem","title":{"rendered":"Carrinho Armaz\u00e9m p\/ 180kg Tramontina"},"content":{"rendered":"","protected":false},"excerpt":{"rendered":"<p>REF. 3702<\/p>\n<p>Carrinho em estrutura met\u00e1lica com pintura eletrost\u00e1tica a p\u00f3, mais resistente contra oxida\u00e7\u00e3o. Possui \u00f3timo acabamento nas fixa\u00e7\u00f5es de solda, cuja qualidade garante durabilidade ao produto. Pneus de borracha maci\u00e7a de 20 cm de di\u00e2metro e espessura de 5,5 cm. Eixo em a\u00e7o com buchas. Capacidade de carga de 180 kg.<\/p>\n<p>Peso 9,30 kg<br \/>\nAltura 111cm; Profundidade 50cm; largura 54cm.<\/p>\n","protected":false},"featured_media":8073,"template":"","meta":[],"product_brand":[],"product_cat":[20],"product_tag":[69,54],"class_list":{"0":"post-533","1":"product","2":"type-product","3":"status-publish","4":"has-post-thumbnail","6":"product_cat-cat_logistica","7":"product_tag-carga","8":"product_tag-carrinho","10":"first","11":"instock","12":"shipping-taxable","13":"purchasable","14":"product-type-simple"},"jetpack_sharing_enabled":true,"_links":{"self":[{"href":"https:\/\/assulba.com.br\/index.php?rest_route=\/wp\/v2\/product\/533","targetHints":{"allow":["GET"]}}],"collection":[{"href":"https:\/\/assulba.com.br\/index.php?rest_route=\/wp\/v2\/product"}],"about":[{"href":"https:\/\/assulba.com.br\/index.php?rest_route=\/wp\/v2\/types\/product"}],"wp:featuredmedia":[{"embeddable":true,"href":"https:\/\/assulba.com.br\/index.php?rest_route=\/wp\/v2\/media\/8073"}],"wp:attachment":[{"href":"https:\/\/assulba.com.br\/index.php?rest_route=%2Fwp%2Fv2%2Fmedia&parent=533"}],"wp:term":[{"taxonomy":"product_brand","embeddable":true,"href":"https:\/\/assulba.com.br\/index.php?rest_route=%2Fwp%2Fv2%2Fproduct_brand&post=533"},{"taxonomy":"product_cat","embeddable":true,"href":"https:\/\/assulba.com.br\/index.php?rest_route=%2Fwp%2Fv2%2Fproduct_cat&post=533"},{"taxonomy":"product_tag","embeddable":true,"href":"https:\/\/assulba.com.br\/index.php?rest_route=%2Fwp%2Fv2%2Fproduct_tag&post=533"}],"curies":[{"name":"wp","href":"https:\/\/api.w.org\/{rel}","templated":true}]}}