{"id":531,"date":"2017-11-13T19:56:01","date_gmt":"2017-11-13T19:56:01","guid":{"rendered":"http:\/\/assulba.com.br\/?post_type=product&#038;p=531"},"modified":"2024-03-17T01:02:29","modified_gmt":"2024-03-17T04:02:29","slug":"trava-para-carrinho-cartao","status":"publish","type":"product","link":"https:\/\/assulba.com.br\/?product=trava-para-carrinho-cartao","title":{"rendered":"Trava de cart\u00e3o p\/ carrinho de compras"},"content":{"rendered":"","protected":false},"excerpt":{"rendered":"<p>REF. 1358<\/p>\n<p>O funcionamento deste dispositivo \u00e9 simples. Para liberar o carrinho voc\u00ea precisa colocar seu cart\u00e3o na trava. Este cart\u00e3o cont\u00e9m o numero do apartamento. Ap\u00f3s utilizar o carrinho, o usu\u00e1rio o devolve no seu lugar e retira seu cart\u00e3o.<\/p>\n","protected":false},"featured_media":4210,"template":"","meta":[],"product_brand":[],"product_cat":[20],"product_tag":[61],"class_list":{"0":"post-531","1":"product","2":"type-product","3":"status-publish","4":"has-post-thumbnail","6":"product_cat-cat_logistica","7":"product_tag-carrinho-de-compras","9":"first","10":"instock","11":"shipping-taxable","12":"purchasable","13":"product-type-simple"},"jetpack_sharing_enabled":true,"_links":{"self":[{"href":"https:\/\/assulba.com.br\/index.php?rest_route=\/wp\/v2\/product\/531","targetHints":{"allow":["GET"]}}],"collection":[{"href":"https:\/\/assulba.com.br\/index.php?rest_route=\/wp\/v2\/product"}],"about":[{"href":"https:\/\/assulba.com.br\/index.php?rest_route=\/wp\/v2\/types\/product"}],"wp:featuredmedia":[{"embeddable":true,"href":"https:\/\/assulba.com.br\/index.php?rest_route=\/wp\/v2\/media\/4210"}],"wp:attachment":[{"href":"https:\/\/assulba.com.br\/index.php?rest_route=%2Fwp%2Fv2%2Fmedia&parent=531"}],"wp:term":[{"taxonomy":"product_brand","embeddable":true,"href":"https:\/\/assulba.com.br\/index.php?rest_route=%2Fwp%2Fv2%2Fproduct_brand&post=531"},{"taxonomy":"product_cat","embeddable":true,"href":"https:\/\/assulba.com.br\/index.php?rest_route=%2Fwp%2Fv2%2Fproduct_cat&post=531"},{"taxonomy":"product_tag","embeddable":true,"href":"https:\/\/assulba.com.br\/index.php?rest_route=%2Fwp%2Fv2%2Fproduct_tag&post=531"}],"curies":[{"name":"wp","href":"https:\/\/api.w.org\/{rel}","templated":true}]}}