{"id":530,"date":"2017-11-13T19:54:34","date_gmt":"2017-11-13T19:54:34","guid":{"rendered":"http:\/\/assulba.com.br\/?post_type=product&#038;p=530"},"modified":"2024-03-17T01:02:29","modified_gmt":"2024-03-17T04:02:29","slug":"espelho-de-seguranca","status":"publish","type":"product","link":"https:\/\/assulba.com.br\/?product=espelho-de-seguranca","title":{"rendered":"Espelho convexo de seguran\u00e7a VISION"},"content":{"rendered":"","protected":false},"excerpt":{"rendered":"<p>Espelho panor\u00e2mico convexo da Vision \u00e9 indicado para ambientes internos, como garagens, portarias, etc. Possui a curvatura e \u00e2ngulo de perspectiva maiores, possibilitando uma vis\u00e3o mais abrangente. Acabamento em borracha com parte traseira em alum\u00ednio.<\/p>\n<hr \/>\n<p><strong>OP\u00c7\u00d5ES DE DI\u00c2METRO<\/strong><br \/>\n\u00d8 30cm<br \/>\n\u00d8 40cm<br \/>\n\u00d8 50cm<br \/>\n\u00d8 60cm<\/p>\n","protected":false},"featured_media":4554,"template":"","meta":[],"product_brand":[],"product_cat":[160],"product_tag":[86,16,127,17],"class_list":{"0":"post-530","1":"product","2":"type-product","3":"status-publish","4":"has-post-thumbnail","6":"product_cat-cat_seguranca","7":"product_tag-espelho","8":"product_tag-garagem","9":"product_tag-seguranca","10":"product_tag-sinalizacao","12":"first","13":"instock","14":"shipping-taxable","15":"purchasable","16":"product-type-variable"},"jetpack_sharing_enabled":true,"_links":{"self":[{"href":"https:\/\/assulba.com.br\/index.php?rest_route=\/wp\/v2\/product\/530","targetHints":{"allow":["GET"]}}],"collection":[{"href":"https:\/\/assulba.com.br\/index.php?rest_route=\/wp\/v2\/product"}],"about":[{"href":"https:\/\/assulba.com.br\/index.php?rest_route=\/wp\/v2\/types\/product"}],"wp:featuredmedia":[{"embeddable":true,"href":"https:\/\/assulba.com.br\/index.php?rest_route=\/wp\/v2\/media\/4554"}],"wp:attachment":[{"href":"https:\/\/assulba.com.br\/index.php?rest_route=%2Fwp%2Fv2%2Fmedia&parent=530"}],"wp:term":[{"taxonomy":"product_brand","embeddable":true,"href":"https:\/\/assulba.com.br\/index.php?rest_route=%2Fwp%2Fv2%2Fproduct_brand&post=530"},{"taxonomy":"product_cat","embeddable":true,"href":"https:\/\/assulba.com.br\/index.php?rest_route=%2Fwp%2Fv2%2Fproduct_cat&post=530"},{"taxonomy":"product_tag","embeddable":true,"href":"https:\/\/assulba.com.br\/index.php?rest_route=%2Fwp%2Fv2%2Fproduct_tag&post=530"}],"curies":[{"name":"wp","href":"https:\/\/api.w.org\/{rel}","templated":true}]}}