{"id":528,"date":"2017-11-13T19:52:42","date_gmt":"2017-11-13T22:52:42","guid":{"rendered":"http:\/\/assulba.com.br\/?post_type=product&#038;p=528"},"modified":"2024-03-17T01:02:29","modified_gmt":"2024-03-17T04:02:29","slug":"quadro-avisos-aluminio","status":"publish","type":"product","link":"https:\/\/assulba.com.br\/?product=quadro-avisos-aluminio","title":{"rendered":"Quadros de avisos em alum\u00ednio e porta acr\u00edlico"},"content":{"rendered":"","protected":false},"excerpt":{"rendered":"<p>Confeccionado com moldura em alum\u00ednio branco ou preto e porta de acr\u00edlico com fechadura. Acompanha im\u00e3s para a fixa\u00e7\u00e3o de folhas de avisos sobre o fundo met\u00e1lico, revestido com TNT preto. Dimens\u00f5es: 60cm x 72,5cm<\/p>\n<p><strong>OP\u00c7\u00d5ES DE COR<\/strong><br \/>\nAlum\u00ednio branco<br \/>\nAlum\u00ednio preto<br \/>\nAlum\u00ednio polido<\/p>\n","protected":false},"featured_media":6108,"template":"","meta":[],"product_brand":[],"product_cat":[303,20],"product_tag":[129],"class_list":{"0":"post-528","1":"product","2":"type-product","3":"status-publish","4":"has-post-thumbnail","6":"product_cat-servico-espera","7":"product_cat-cat_logistica","8":"product_tag-quadro-de-avisos","10":"first","11":"instock","12":"shipping-taxable","13":"purchasable","14":"product-type-variable","15":"has-default-attributes"},"jetpack_sharing_enabled":true,"_links":{"self":[{"href":"https:\/\/assulba.com.br\/index.php?rest_route=\/wp\/v2\/product\/528","targetHints":{"allow":["GET"]}}],"collection":[{"href":"https:\/\/assulba.com.br\/index.php?rest_route=\/wp\/v2\/product"}],"about":[{"href":"https:\/\/assulba.com.br\/index.php?rest_route=\/wp\/v2\/types\/product"}],"wp:featuredmedia":[{"embeddable":true,"href":"https:\/\/assulba.com.br\/index.php?rest_route=\/wp\/v2\/media\/6108"}],"wp:attachment":[{"href":"https:\/\/assulba.com.br\/index.php?rest_route=%2Fwp%2Fv2%2Fmedia&parent=528"}],"wp:term":[{"taxonomy":"product_brand","embeddable":true,"href":"https:\/\/assulba.com.br\/index.php?rest_route=%2Fwp%2Fv2%2Fproduct_brand&post=528"},{"taxonomy":"product_cat","embeddable":true,"href":"https:\/\/assulba.com.br\/index.php?rest_route=%2Fwp%2Fv2%2Fproduct_cat&post=528"},{"taxonomy":"product_tag","embeddable":true,"href":"https:\/\/assulba.com.br\/index.php?rest_route=%2Fwp%2Fv2%2Fproduct_tag&post=528"}],"curies":[{"name":"wp","href":"https:\/\/api.w.org\/{rel}","templated":true}]}}