{"id":5268,"date":"2020-04-16T21:44:12","date_gmt":"2020-04-17T00:44:12","guid":{"rendered":"https:\/\/assulba.com.br\/?post_type=product&#038;p=5268"},"modified":"2024-03-17T01:01:04","modified_gmt":"2024-03-17T04:01:04","slug":"display-a4-de-parede-em-acrilico-acrimet","status":"publish","type":"product","link":"https:\/\/assulba.com.br\/?product=display-a4-de-parede-em-acrilico-acrimet","title":{"rendered":"DISPLAY A4 DE PAREDE EM ACR\u00cdLICO ACRIMET"},"content":{"rendered":"","protected":false},"excerpt":{"rendered":"<p>Quadro em acr\u00edlico para folha tamanho A4. Indicado para expor avisos em elevadores, condom\u00ednios, locais de exposi\u00e7\u00e3o, empresas. Ou seja, lugares onde se deseja colocar comunicados e material publicit\u00e1rio. Possui auto-adesivo para instala\u00e7\u00e3o em paredes.<\/p>\n","protected":false},"featured_media":5269,"template":"","meta":[],"product_brand":[],"product_cat":[303,20],"product_tag":[129,17],"class_list":{"0":"post-5268","1":"product","2":"type-product","3":"status-publish","4":"has-post-thumbnail","6":"product_cat-servico-espera","7":"product_cat-cat_logistica","8":"product_tag-quadro-de-avisos","9":"product_tag-sinalizacao","11":"first","12":"instock","13":"shipping-taxable","14":"purchasable","15":"product-type-simple"},"jetpack_sharing_enabled":true,"_links":{"self":[{"href":"https:\/\/assulba.com.br\/index.php?rest_route=\/wp\/v2\/product\/5268","targetHints":{"allow":["GET"]}}],"collection":[{"href":"https:\/\/assulba.com.br\/index.php?rest_route=\/wp\/v2\/product"}],"about":[{"href":"https:\/\/assulba.com.br\/index.php?rest_route=\/wp\/v2\/types\/product"}],"wp:featuredmedia":[{"embeddable":true,"href":"https:\/\/assulba.com.br\/index.php?rest_route=\/wp\/v2\/media\/5269"}],"wp:attachment":[{"href":"https:\/\/assulba.com.br\/index.php?rest_route=%2Fwp%2Fv2%2Fmedia&parent=5268"}],"wp:term":[{"taxonomy":"product_brand","embeddable":true,"href":"https:\/\/assulba.com.br\/index.php?rest_route=%2Fwp%2Fv2%2Fproduct_brand&post=5268"},{"taxonomy":"product_cat","embeddable":true,"href":"https:\/\/assulba.com.br\/index.php?rest_route=%2Fwp%2Fv2%2Fproduct_cat&post=5268"},{"taxonomy":"product_tag","embeddable":true,"href":"https:\/\/assulba.com.br\/index.php?rest_route=%2Fwp%2Fv2%2Fproduct_tag&post=5268"}],"curies":[{"name":"wp","href":"https:\/\/api.w.org\/{rel}","templated":true}]}}