{"id":526,"date":"2017-11-13T19:50:05","date_gmt":"2017-11-13T19:50:05","guid":{"rendered":"http:\/\/assulba.com.br\/?post_type=product&#038;p=526"},"modified":"2024-09-07T22:43:12","modified_gmt":"2024-09-08T01:43:12","slug":"carrinho-ecoflex-2","status":"publish","type":"product","link":"https:\/\/assulba.com.br\/?product=carrinho-ecoflex-2","title":{"rendered":"Carrinho de compras Ecoflex 120"},"content":{"rendered":"","protected":false},"excerpt":{"rendered":"<p>O carrinho de compras Ecoflex Siris 120 litros, com dois cestos, n\u00e3o enferruja e nem perde o brilho. Resistente aos raios UV e demais agentes atmosf\u00e9ricos. N\u00e3o apresenta trincas, ranhuras ou desbotamento de cores.<br \/>\nPeso 19kg. Dimens\u00f5es C 92 x L 57 x A 105 cm.<\/p>\n<p><strong>OP\u00c7\u00d5ES DE CORES<\/strong><br \/>\nAzul<br \/>\nVerde<br \/>\nLaranja<br \/>\nVermelho<br \/>\nCinza<br \/>\nCinza\/cinza<\/p>\n","protected":false},"featured_media":7027,"template":"","meta":[],"product_brand":[],"product_cat":[20],"product_tag":[54,61],"class_list":{"0":"post-526","1":"product","2":"type-product","3":"status-publish","4":"has-post-thumbnail","6":"product_cat-cat_logistica","7":"product_tag-carrinho","8":"product_tag-carrinho-de-compras","10":"first","11":"instock","12":"featured","13":"shipping-taxable","14":"purchasable","15":"product-type-variable"},"jetpack_sharing_enabled":true,"_links":{"self":[{"href":"https:\/\/assulba.com.br\/index.php?rest_route=\/wp\/v2\/product\/526","targetHints":{"allow":["GET"]}}],"collection":[{"href":"https:\/\/assulba.com.br\/index.php?rest_route=\/wp\/v2\/product"}],"about":[{"href":"https:\/\/assulba.com.br\/index.php?rest_route=\/wp\/v2\/types\/product"}],"wp:featuredmedia":[{"embeddable":true,"href":"https:\/\/assulba.com.br\/index.php?rest_route=\/wp\/v2\/media\/7027"}],"wp:attachment":[{"href":"https:\/\/assulba.com.br\/index.php?rest_route=%2Fwp%2Fv2%2Fmedia&parent=526"}],"wp:term":[{"taxonomy":"product_brand","embeddable":true,"href":"https:\/\/assulba.com.br\/index.php?rest_route=%2Fwp%2Fv2%2Fproduct_brand&post=526"},{"taxonomy":"product_cat","embeddable":true,"href":"https:\/\/assulba.com.br\/index.php?rest_route=%2Fwp%2Fv2%2Fproduct_cat&post=526"},{"taxonomy":"product_tag","embeddable":true,"href":"https:\/\/assulba.com.br\/index.php?rest_route=%2Fwp%2Fv2%2Fproduct_tag&post=526"}],"curies":[{"name":"wp","href":"https:\/\/api.w.org\/{rel}","templated":true}]}}