{"id":521,"date":"2017-11-13T19:38:57","date_gmt":"2017-11-13T22:38:57","guid":{"rendered":"http:\/\/assulba.com.br\/?post_type=product&#038;p=521"},"modified":"2024-03-17T01:02:29","modified_gmt":"2024-03-17T04:02:29","slug":"balde-espremedor","status":"publish","type":"product","link":"https:\/\/assulba.com.br\/?product=balde-espremedor","title":{"rendered":"Balde Espremedor Dobl\u00f4 30L Bralimpia"},"content":{"rendered":"","protected":false},"excerpt":{"rendered":"<p>REF. 4002<\/p>\n<p>O Conjunto Dobl\u00f4 30 litros \u00e9 um equipamento de limpeza formado pelos seguintes itens:<\/p>\n<p>Balde com sistema de 2 \u00e1guas com divis\u00f3ria para 18 e 12 litros;<br \/>\nEspremedor com press\u00e3o superior,<br \/>\nUm dreno de escoamento de \u00e1gua suja e<br \/>\nRod\u00edzios para facilitar seu deslocamento.<\/p>\n<p><iframe loading=\"lazy\" width=\"560\" height=\"315\" src=\"https:\/\/www.youtube-nocookie.com\/embed\/k6qVFKq7cHI\" title=\"YouTube video player\" frameborder=\"0\" allow=\"accelerometer; autoplay; clipboard-write; encrypted-media; gyroscope; picture-in-picture\" allowfullscreen><\/iframe><\/p>\n<p>A primeira divis\u00f3ria recebe \u00e1gua com o agente qu\u00edmico para limpeza do piso; a segunda divis\u00f3ria ser\u00e1 o recipiente da \u00e1gua limpa para enx\u00e1gue do o refil que efetuar\u00e1 a remo\u00e7\u00e3o das sujidades da superf\u00edcie a ser limpa.<\/p>\n<p>CORES<br \/>\nAmarelo<br \/>\nAzul<br \/>\nVerde<br \/>\nVermelho<\/p>\n<table border=\"0\" width=\"512\" cellspacing=\"0\" cellpadding=\"0\">\n<tbody>\n<tr>\n<td height=\"20\">Descri\u00e7\u00e3o<\/td>\n<td style=\"text-align: center;\">Comp.<\/td>\n<td style=\"text-align: center;\">Largura<\/td>\n<td style=\"text-align: center;\">Altura<\/td>\n<td style=\"text-align: center;\"><\/td>\n<td style=\"text-align: center;\">Peso<\/td>\n<\/tr>\n<tr>\n<td height=\"20\">Conjunto Dobl\u00f4<\/td>\n<td style=\"text-align: center;\">52 cm<\/td>\n<td style=\"text-align: center;\">37 cm<\/td>\n<td style=\"text-align: center;\">84 cm<\/td>\n<td style=\"text-align: center;\"><\/td>\n<td style=\"text-align: center;\">6,1 kg<\/td>\n<\/tr>\n<tr>\n<td height=\"20\">Balde 30L<\/td>\n<td style=\"text-align: center;\">52 cm<\/td>\n<td style=\"text-align: center;\">37 cm<\/td>\n<td style=\"text-align: center;\">48 cm<\/td>\n<td style=\"text-align: center;\"><\/td>\n<td style=\"text-align: center;\">3,2 kg<\/td>\n<\/tr>\n<tr>\n<td height=\"20\">Espremedor<\/td>\n<td style=\"text-align: center;\">23 cm<\/td>\n<td style=\"text-align: center;\">28 cm<\/td>\n<td style=\"text-align: center;\">36 cm<\/td>\n<td style=\"text-align: center;\"><\/td>\n<td style=\"text-align: center;\">2,9 kg<\/td>\n<\/tr>\n<\/tbody>\n<\/table>\n","protected":false},"featured_media":8763,"template":"","meta":[],"product_brand":[],"product_cat":[135,311],"product_tag":[108,131,27,110],"class_list":{"0":"post-521","1":"product","2":"type-product","3":"status-publish","4":"has-post-thumbnail","6":"product_cat-cat_limpeza","7":"product_cat-cat_baldes_e_carros","8":"product_tag-balde","9":"product_tag-bralimpia","10":"product_tag-limpeza","11":"product_tag-mops","13":"first","14":"instock","15":"shipping-taxable","16":"purchasable","17":"product-type-simple"},"jetpack_sharing_enabled":true,"_links":{"self":[{"href":"https:\/\/assulba.com.br\/index.php?rest_route=\/wp\/v2\/product\/521","targetHints":{"allow":["GET"]}}],"collection":[{"href":"https:\/\/assulba.com.br\/index.php?rest_route=\/wp\/v2\/product"}],"about":[{"href":"https:\/\/assulba.com.br\/index.php?rest_route=\/wp\/v2\/types\/product"}],"wp:featuredmedia":[{"embeddable":true,"href":"https:\/\/assulba.com.br\/index.php?rest_route=\/wp\/v2\/media\/8763"}],"wp:attachment":[{"href":"https:\/\/assulba.com.br\/index.php?rest_route=%2Fwp%2Fv2%2Fmedia&parent=521"}],"wp:term":[{"taxonomy":"product_brand","embeddable":true,"href":"https:\/\/assulba.com.br\/index.php?rest_route=%2Fwp%2Fv2%2Fproduct_brand&post=521"},{"taxonomy":"product_cat","embeddable":true,"href":"https:\/\/assulba.com.br\/index.php?rest_route=%2Fwp%2Fv2%2Fproduct_cat&post=521"},{"taxonomy":"product_tag","embeddable":true,"href":"https:\/\/assulba.com.br\/index.php?rest_route=%2Fwp%2Fv2%2Fproduct_tag&post=521"}],"curies":[{"name":"wp","href":"https:\/\/api.w.org\/{rel}","templated":true}]}}