{"id":519,"date":"2017-11-13T19:34:20","date_gmt":"2017-11-13T22:34:20","guid":{"rendered":"http:\/\/assulba.com.br\/?post_type=product&#038;p=519"},"modified":"2024-03-17T01:02:30","modified_gmt":"2024-03-17T04:02:30","slug":"balde-mop","status":"publish","type":"product","link":"https:\/\/assulba.com.br\/?product=balde-mop","title":{"rendered":"Conjunto Mopinho Bralimpia"},"content":{"rendered":"","protected":false},"excerpt":{"rendered":"<p>O Conjunto Balde Mopinho 12 L \u00e9 extremamente vers\u00e1til, f\u00e1cil de locomover e ideal para pequenos espa\u00e7os como cl\u00ednicas, escrit\u00f3rios, lojas, bares entre outros.<\/p>\n<p>Produzidos em Polipropileno, oferecem alta durabilidade. O balde tem capacidade de 12 litros e al\u00e7as ergon\u00f4micas para transporte. Fornecidos em 4 cores para identifica\u00e7\u00e3o de \u00e1reas, o Conjunto \u00e9 composto por:<\/p>\n<p><strong>Balde 12 Litros<\/strong><br \/>\n<strong> Espremedor refor\u00e7ado<\/strong><br \/>\n<strong> Cabo de alum\u00ednio telesc\u00f3pico \u2013 1,40 m<\/strong><br \/>\n<strong> Refil de Algod\u00e3o com Encaixe Rosca<\/strong><\/p>\n<p>Melhores resultados na limpeza com economia de \u00e1gua e uso racional de produtos qu\u00edmicos.<\/p>\n<p>CORES<br \/>\nAmarelo<br \/>\nAzul<br \/>\nVerde<br \/>\nVermelho<\/p>\n<p><strong>Balde 12L e Espremedor<\/strong><br \/>\nComp: 38 cm<br \/>\nLargura: 30 cm<br \/>\nAltura: 40 cm<br \/>\nPeso: 6,100 kg<\/p>\n<p><strong>Refil<\/strong><br \/>\nComp: 10 cm<br \/>\nLargura: 10 cm<br \/>\nAltura: 35 cm<br \/>\nPeso: 0,200 kg<\/p>\n<p><strong>Cabo Telescopico<\/strong><br \/>\nComp: &#8211;<br \/>\nLargura: 22 mm<br \/>\nAltura: 1,40 m<br \/>\nPeso: 0,350 kg<\/p>\n","protected":false},"featured_media":1584,"template":"","meta":[],"product_brand":[],"product_cat":[135,311],"product_tag":[108,131,110],"class_list":{"0":"post-519","1":"product","2":"type-product","3":"status-publish","4":"has-post-thumbnail","6":"product_cat-cat_limpeza","7":"product_cat-cat_baldes_e_carros","8":"product_tag-balde","9":"product_tag-bralimpia","10":"product_tag-mops","12":"first","13":"instock","14":"shipping-taxable","15":"purchasable","16":"product-type-simple"},"jetpack_sharing_enabled":true,"_links":{"self":[{"href":"https:\/\/assulba.com.br\/index.php?rest_route=\/wp\/v2\/product\/519","targetHints":{"allow":["GET"]}}],"collection":[{"href":"https:\/\/assulba.com.br\/index.php?rest_route=\/wp\/v2\/product"}],"about":[{"href":"https:\/\/assulba.com.br\/index.php?rest_route=\/wp\/v2\/types\/product"}],"wp:featuredmedia":[{"embeddable":true,"href":"https:\/\/assulba.com.br\/index.php?rest_route=\/wp\/v2\/media\/1584"}],"wp:attachment":[{"href":"https:\/\/assulba.com.br\/index.php?rest_route=%2Fwp%2Fv2%2Fmedia&parent=519"}],"wp:term":[{"taxonomy":"product_brand","embeddable":true,"href":"https:\/\/assulba.com.br\/index.php?rest_route=%2Fwp%2Fv2%2Fproduct_brand&post=519"},{"taxonomy":"product_cat","embeddable":true,"href":"https:\/\/assulba.com.br\/index.php?rest_route=%2Fwp%2Fv2%2Fproduct_cat&post=519"},{"taxonomy":"product_tag","embeddable":true,"href":"https:\/\/assulba.com.br\/index.php?rest_route=%2Fwp%2Fv2%2Fproduct_tag&post=519"}],"curies":[{"name":"wp","href":"https:\/\/api.w.org\/{rel}","templated":true}]}}