{"id":518,"date":"2017-11-13T19:32:44","date_gmt":"2017-11-13T22:32:44","guid":{"rendered":"http:\/\/assulba.com.br\/?post_type=product&#038;p=518"},"modified":"2024-03-17T01:02:30","modified_gmt":"2024-03-17T04:02:30","slug":"mao-mecanica","status":"publish","type":"product","link":"https:\/\/assulba.com.br\/?product=mao-mecanica","title":{"rendered":"M\u00e3o Mec\u00e2nica Bralimpia"},"content":{"rendered":"","protected":false},"excerpt":{"rendered":"<p>REF. 4018<\/p>\n<p>Produzidas em perfil de alum\u00ednio com pintura eletrost\u00e1tica possuem mecanismo em nylon dur\u00e1vel e eficaz, que prende objetos de forma segura. S\u00e3o Indicadas para shopping centers, hospitais, lanchonetes e restaurantes, entre outras empresas. Na \u00e1rea hospitalar pode ser utilizada para a coleta de seringas, curativos e outros detritos infectantes. A M\u00e3o Mec\u00e2nica \u00e9 indicada, tamb\u00e9m, para limpeza em banheiros na coleta de telas de mict\u00f3rio, pap\u00e9is e outros, sem o contato direto do operador. De f\u00e1cil limpeza e higieniza\u00e7\u00e3o podem ser fornecidas em diversas cores para identifica\u00e7\u00e3o de \u00e1reas.<\/p>\n<p>Dispon\u00edvel nas cores: azul, branca, verde, vermelha<\/p>\n<p>Dimens\u00f5es: Compr. 82cm; Largura 19cm; Peso 0,230 Kg.<\/p>\n","protected":false},"featured_media":1576,"template":"","meta":[],"product_brand":[],"product_cat":[135,309],"product_tag":[34,27],"class_list":{"0":"post-518","1":"product","2":"type-product","3":"status-publish","4":"has-post-thumbnail","6":"product_cat-cat_limpeza","7":"product_cat-cat_limpeza_seca","8":"product_tag-ferramenta","9":"product_tag-limpeza","11":"first","12":"instock","13":"shipping-taxable","14":"purchasable","15":"product-type-simple"},"jetpack_sharing_enabled":true,"_links":{"self":[{"href":"https:\/\/assulba.com.br\/index.php?rest_route=\/wp\/v2\/product\/518","targetHints":{"allow":["GET"]}}],"collection":[{"href":"https:\/\/assulba.com.br\/index.php?rest_route=\/wp\/v2\/product"}],"about":[{"href":"https:\/\/assulba.com.br\/index.php?rest_route=\/wp\/v2\/types\/product"}],"wp:featuredmedia":[{"embeddable":true,"href":"https:\/\/assulba.com.br\/index.php?rest_route=\/wp\/v2\/media\/1576"}],"wp:attachment":[{"href":"https:\/\/assulba.com.br\/index.php?rest_route=%2Fwp%2Fv2%2Fmedia&parent=518"}],"wp:term":[{"taxonomy":"product_brand","embeddable":true,"href":"https:\/\/assulba.com.br\/index.php?rest_route=%2Fwp%2Fv2%2Fproduct_brand&post=518"},{"taxonomy":"product_cat","embeddable":true,"href":"https:\/\/assulba.com.br\/index.php?rest_route=%2Fwp%2Fv2%2Fproduct_cat&post=518"},{"taxonomy":"product_tag","embeddable":true,"href":"https:\/\/assulba.com.br\/index.php?rest_route=%2Fwp%2Fv2%2Fproduct_tag&post=518"}],"curies":[{"name":"wp","href":"https:\/\/api.w.org\/{rel}","templated":true}]}}