{"id":517,"date":"2017-11-13T19:31:52","date_gmt":"2017-11-13T22:31:52","guid":{"rendered":"http:\/\/assulba.com.br\/?post_type=product&#038;p=517"},"modified":"2024-03-17T01:02:30","modified_gmt":"2024-03-17T04:02:30","slug":"sinalizacao-de-piso","status":"publish","type":"product","link":"https:\/\/assulba.com.br\/?product=sinalizacao-de-piso","title":{"rendered":"PLACAS DE SINALIZA\u00c7\u00c3O BRALIMPIA"},"content":{"rendered":"","protected":false},"excerpt":{"rendered":"<p>As placas sinalizadoras devem ser utilizadas para sinaliza\u00e7\u00e3o e\/ou interdi\u00e7\u00e3o, com objetivo de prevenir acidentes. Elas s\u00e3o obrigat\u00f3rias em todo o territ\u00f3rio brasileiro, como equipamentos de seguran\u00e7a coletiva. As placas da Bralimpia est\u00e3o dispon\u00edveis em distintas mensagens. Podem ser utilizadas em \u00e1reas internas e externas.<\/p>\n<p>Produzidas em polipropileno injetado de alta resist\u00eancia , na cor amarela.<\/p>\n<hr \/>\n<p><strong>OP\u00c7\u00d5ES DE SINALIZA\u00c7\u00c3O<\/strong><br \/>\nCuidado Piso Molhado<br \/>\nCuidado em Manuten\u00e7\u00e3o<br \/>\nPiscina em Manuten\u00e7\u00e3o<\/p>\n","protected":false},"featured_media":4862,"template":"","meta":[],"product_brand":[],"product_cat":[135,310,160],"product_tag":[127,17],"class_list":{"0":"post-517","1":"product","2":"type-product","3":"status-publish","4":"has-post-thumbnail","6":"product_cat-cat_limpeza","7":"product_cat-cat_limpeza_umida","8":"product_cat-cat_seguranca","9":"product_tag-seguranca","10":"product_tag-sinalizacao","12":"first","13":"instock","14":"shipping-taxable","15":"purchasable","16":"product-type-variable"},"jetpack_sharing_enabled":true,"_links":{"self":[{"href":"https:\/\/assulba.com.br\/index.php?rest_route=\/wp\/v2\/product\/517","targetHints":{"allow":["GET"]}}],"collection":[{"href":"https:\/\/assulba.com.br\/index.php?rest_route=\/wp\/v2\/product"}],"about":[{"href":"https:\/\/assulba.com.br\/index.php?rest_route=\/wp\/v2\/types\/product"}],"wp:featuredmedia":[{"embeddable":true,"href":"https:\/\/assulba.com.br\/index.php?rest_route=\/wp\/v2\/media\/4862"}],"wp:attachment":[{"href":"https:\/\/assulba.com.br\/index.php?rest_route=%2Fwp%2Fv2%2Fmedia&parent=517"}],"wp:term":[{"taxonomy":"product_brand","embeddable":true,"href":"https:\/\/assulba.com.br\/index.php?rest_route=%2Fwp%2Fv2%2Fproduct_brand&post=517"},{"taxonomy":"product_cat","embeddable":true,"href":"https:\/\/assulba.com.br\/index.php?rest_route=%2Fwp%2Fv2%2Fproduct_cat&post=517"},{"taxonomy":"product_tag","embeddable":true,"href":"https:\/\/assulba.com.br\/index.php?rest_route=%2Fwp%2Fv2%2Fproduct_tag&post=517"}],"curies":[{"name":"wp","href":"https:\/\/api.w.org\/{rel}","templated":true}]}}