{"id":516,"date":"2017-11-13T19:30:20","date_gmt":"2017-11-13T22:30:20","guid":{"rendered":"http:\/\/assulba.com.br\/?post_type=product&#038;p=516"},"modified":"2024-03-17T01:02:30","modified_gmt":"2024-03-17T04:02:30","slug":"fibra","status":"publish","type":"product","link":"https:\/\/assulba.com.br\/?product=fibra","title":{"rendered":"FIBRA PARA LIMPEZA PESADA EM PACOTE 10 UNIDS BRALIMPIA"},"content":{"rendered":"","protected":false},"excerpt":{"rendered":"<p>Fibra abrasiva normalmente utilizada no <span style=\"text-decoration: underline;\"><a href=\"https:\/\/assulba.com.br\/?product=limpeza-suporte-limpa-tudo-lt\">Suporte LT Euro<\/a><\/span> ou no <span style=\"text-decoration: underline;\"><a href=\"https:\/\/assulba.com.br\/?product=suporte-manual-para-fibra-bralimpia\">Suporte Manual<\/a><\/span>. Indicada para limpeza pesada de pisos e paredes em espa\u00e7os comerciais ou residenciais, assim como limpeza de final de obra com res\u00edduos incrustrados. Substituem as l\u00e3s de a\u00e7o e s\u00e3o mais eficientes na limpeza. Dimens\u00f5es: 26cm x 10cm.<\/p>\n","protected":false},"featured_media":8820,"template":"","meta":[],"product_brand":[],"product_cat":[135,310],"product_tag":[131,27,112],"class_list":{"0":"post-516","1":"product","2":"type-product","3":"status-publish","4":"has-post-thumbnail","6":"product_cat-cat_limpeza","7":"product_cat-cat_limpeza_umida","8":"product_tag-bralimpia","9":"product_tag-limpeza","10":"product_tag-refis","12":"first","13":"instock","14":"shipping-taxable","15":"purchasable","16":"product-type-simple"},"jetpack_sharing_enabled":true,"_links":{"self":[{"href":"https:\/\/assulba.com.br\/index.php?rest_route=\/wp\/v2\/product\/516","targetHints":{"allow":["GET"]}}],"collection":[{"href":"https:\/\/assulba.com.br\/index.php?rest_route=\/wp\/v2\/product"}],"about":[{"href":"https:\/\/assulba.com.br\/index.php?rest_route=\/wp\/v2\/types\/product"}],"wp:featuredmedia":[{"embeddable":true,"href":"https:\/\/assulba.com.br\/index.php?rest_route=\/wp\/v2\/media\/8820"}],"wp:attachment":[{"href":"https:\/\/assulba.com.br\/index.php?rest_route=%2Fwp%2Fv2%2Fmedia&parent=516"}],"wp:term":[{"taxonomy":"product_brand","embeddable":true,"href":"https:\/\/assulba.com.br\/index.php?rest_route=%2Fwp%2Fv2%2Fproduct_brand&post=516"},{"taxonomy":"product_cat","embeddable":true,"href":"https:\/\/assulba.com.br\/index.php?rest_route=%2Fwp%2Fv2%2Fproduct_cat&post=516"},{"taxonomy":"product_tag","embeddable":true,"href":"https:\/\/assulba.com.br\/index.php?rest_route=%2Fwp%2Fv2%2Fproduct_tag&post=516"}],"curies":[{"name":"wp","href":"https:\/\/api.w.org\/{rel}","templated":true}]}}