{"id":5105,"date":"2020-03-01T11:04:59","date_gmt":"2020-03-01T14:04:59","guid":{"rendered":"https:\/\/assulba.sslblindado.com\/?post_type=product&#038;p=5105"},"modified":"2024-03-17T01:01:04","modified_gmt":"2024-03-17T04:01:04","slug":"pano-de-microfibra-40x40cm-nobre","status":"publish","type":"product","link":"https:\/\/assulba.com.br\/?product=pano-de-microfibra-40x40cm-nobre","title":{"rendered":"PANO DE MICROFIBRA 40X40CM NOBRE"},"content":{"rendered":"","protected":false},"excerpt":{"rendered":"<p>Pano macio e lav\u00e1vel de microfibra com alta absor\u00e7\u00e3o de l\u00edquidos e durabilidade. Cada pacote possui dois panos de 40cm x 40cm. Pode ser utilizado seco ou com \u00e1gua, em diversos tipos de superf\u00edcies. Ideal para limpeza de vidros (por sua maciez), remover oleosidade, produtos de polimento, poeira e outras sujeiras. <\/p>\n","protected":false},"featured_media":5106,"template":"","meta":[],"product_brand":[],"product_cat":[135,310],"product_tag":[27,164],"class_list":{"0":"post-5105","1":"product","2":"type-product","3":"status-publish","4":"has-post-thumbnail","6":"product_cat-cat_limpeza","7":"product_cat-cat_limpeza_umida","8":"product_tag-limpeza","9":"product_tag-nobre","11":"first","12":"instock","13":"shipping-taxable","14":"purchasable","15":"product-type-simple"},"jetpack_sharing_enabled":true,"_links":{"self":[{"href":"https:\/\/assulba.com.br\/index.php?rest_route=\/wp\/v2\/product\/5105","targetHints":{"allow":["GET"]}}],"collection":[{"href":"https:\/\/assulba.com.br\/index.php?rest_route=\/wp\/v2\/product"}],"about":[{"href":"https:\/\/assulba.com.br\/index.php?rest_route=\/wp\/v2\/types\/product"}],"wp:featuredmedia":[{"embeddable":true,"href":"https:\/\/assulba.com.br\/index.php?rest_route=\/wp\/v2\/media\/5106"}],"wp:attachment":[{"href":"https:\/\/assulba.com.br\/index.php?rest_route=%2Fwp%2Fv2%2Fmedia&parent=5105"}],"wp:term":[{"taxonomy":"product_brand","embeddable":true,"href":"https:\/\/assulba.com.br\/index.php?rest_route=%2Fwp%2Fv2%2Fproduct_brand&post=5105"},{"taxonomy":"product_cat","embeddable":true,"href":"https:\/\/assulba.com.br\/index.php?rest_route=%2Fwp%2Fv2%2Fproduct_cat&post=5105"},{"taxonomy":"product_tag","embeddable":true,"href":"https:\/\/assulba.com.br\/index.php?rest_route=%2Fwp%2Fv2%2Fproduct_tag&post=5105"}],"curies":[{"name":"wp","href":"https:\/\/api.w.org\/{rel}","templated":true}]}}