{"id":5101,"date":"2020-02-29T19:52:35","date_gmt":"2020-02-29T22:52:35","guid":{"rendered":"https:\/\/assulba.sslblindado.com\/?post_type=product&#038;p=5101"},"modified":"2024-03-17T01:01:04","modified_gmt":"2024-03-17T04:01:04","slug":"balde-mop-duplo-15l-nobre","status":"publish","type":"product","link":"https:\/\/assulba.com.br\/?product=balde-mop-duplo-15l-nobre","title":{"rendered":"BALDE COM DIVIS\u00d3RIA E ESPREMEDOR 15L NOBRE"},"content":{"rendered":"","protected":false},"excerpt":{"rendered":"<p>O Balde Duplo da Nobre \u00e9 um balde com espremedor sem alavanca, mas com divisor de \u00e1guas interno, que separa a \u00e1gua suja da limpa. Produzido para uso profissional, com resist\u00eancia adequada ao uso intensivo. Capacidade 15 litros.<\/p>\n","protected":false},"featured_media":6566,"template":"","meta":[],"product_brand":[],"product_cat":[135,311],"product_tag":[108,27,110,164],"class_list":{"0":"post-5101","1":"product","2":"type-product","3":"status-publish","4":"has-post-thumbnail","6":"product_cat-cat_limpeza","7":"product_cat-cat_baldes_e_carros","8":"product_tag-balde","9":"product_tag-limpeza","10":"product_tag-mops","11":"product_tag-nobre","13":"first","14":"instock","15":"shipping-taxable","16":"purchasable","17":"product-type-simple"},"jetpack_sharing_enabled":true,"_links":{"self":[{"href":"https:\/\/assulba.com.br\/index.php?rest_route=\/wp\/v2\/product\/5101","targetHints":{"allow":["GET"]}}],"collection":[{"href":"https:\/\/assulba.com.br\/index.php?rest_route=\/wp\/v2\/product"}],"about":[{"href":"https:\/\/assulba.com.br\/index.php?rest_route=\/wp\/v2\/types\/product"}],"wp:featuredmedia":[{"embeddable":true,"href":"https:\/\/assulba.com.br\/index.php?rest_route=\/wp\/v2\/media\/6566"}],"wp:attachment":[{"href":"https:\/\/assulba.com.br\/index.php?rest_route=%2Fwp%2Fv2%2Fmedia&parent=5101"}],"wp:term":[{"taxonomy":"product_brand","embeddable":true,"href":"https:\/\/assulba.com.br\/index.php?rest_route=%2Fwp%2Fv2%2Fproduct_brand&post=5101"},{"taxonomy":"product_cat","embeddable":true,"href":"https:\/\/assulba.com.br\/index.php?rest_route=%2Fwp%2Fv2%2Fproduct_cat&post=5101"},{"taxonomy":"product_tag","embeddable":true,"href":"https:\/\/assulba.com.br\/index.php?rest_route=%2Fwp%2Fv2%2Fproduct_tag&post=5101"}],"curies":[{"name":"wp","href":"https:\/\/api.w.org\/{rel}","templated":true}]}}