{"id":5097,"date":"2020-02-29T17:55:43","date_gmt":"2020-02-29T20:55:43","guid":{"rendered":"https:\/\/assulba.sslblindado.com\/?post_type=product&#038;p=5097"},"modified":"2024-03-17T01:01:04","modified_gmt":"2024-03-17T04:01:04","slug":"rodo-profissional-de-aluminio-multirodo-100cm-nobre","status":"publish","type":"product","link":"https:\/\/assulba.com.br\/?product=rodo-profissional-de-aluminio-multirodo-100cm-nobre","title":{"rendered":"RODO PROFISSIONAL DE ALUM\u00cdNIO MULTIRODO 100CM NOBRE"},"content":{"rendered":"","protected":false},"excerpt":{"rendered":"<p>Rodo para uso profissional com 100cm de largura, em alum\u00ednio de alta resist\u00eancia. Proporciona maior rapidez na limpeza de grandes \u00e1reas. Possui barras de refor\u00e7o que se acoplam ao cabo. Pode ser usado com cabos com e sem ponteira.<\/p>\n","protected":false},"featured_media":5283,"template":"","meta":[],"product_brand":[],"product_cat":[135,310],"product_tag":[114,27,164,115],"class_list":{"0":"post-5097","1":"product","2":"type-product","3":"status-publish","4":"has-post-thumbnail","6":"product_cat-cat_limpeza","7":"product_cat-cat_limpeza_umida","8":"product_tag-aluminio","9":"product_tag-limpeza","10":"product_tag-nobre","11":"product_tag-rodos","13":"first","14":"instock","15":"shipping-taxable","16":"purchasable","17":"product-type-simple"},"jetpack_sharing_enabled":true,"_links":{"self":[{"href":"https:\/\/assulba.com.br\/index.php?rest_route=\/wp\/v2\/product\/5097","targetHints":{"allow":["GET"]}}],"collection":[{"href":"https:\/\/assulba.com.br\/index.php?rest_route=\/wp\/v2\/product"}],"about":[{"href":"https:\/\/assulba.com.br\/index.php?rest_route=\/wp\/v2\/types\/product"}],"wp:featuredmedia":[{"embeddable":true,"href":"https:\/\/assulba.com.br\/index.php?rest_route=\/wp\/v2\/media\/5283"}],"wp:attachment":[{"href":"https:\/\/assulba.com.br\/index.php?rest_route=%2Fwp%2Fv2%2Fmedia&parent=5097"}],"wp:term":[{"taxonomy":"product_brand","embeddable":true,"href":"https:\/\/assulba.com.br\/index.php?rest_route=%2Fwp%2Fv2%2Fproduct_brand&post=5097"},{"taxonomy":"product_cat","embeddable":true,"href":"https:\/\/assulba.com.br\/index.php?rest_route=%2Fwp%2Fv2%2Fproduct_cat&post=5097"},{"taxonomy":"product_tag","embeddable":true,"href":"https:\/\/assulba.com.br\/index.php?rest_route=%2Fwp%2Fv2%2Fproduct_tag&post=5097"}],"curies":[{"name":"wp","href":"https:\/\/api.w.org\/{rel}","templated":true}]}}