{"id":5093,"date":"2020-02-29T17:22:28","date_gmt":"2020-02-29T20:22:28","guid":{"rendered":"https:\/\/assulba.sslblindado.com\/?post_type=product&#038;p=5093"},"modified":"2024-03-17T01:01:05","modified_gmt":"2024-03-17T04:01:05","slug":"bomba-de-ar-para-pneu-e-bola-tramontina","status":"publish","type":"product","link":"https:\/\/assulba.com.br\/?product=bomba-de-ar-para-pneu-e-bola-tramontina","title":{"rendered":"BOMBA DE AR PARA PNEU E BOLA TRAMONTINA"},"content":{"rendered":"","protected":false},"excerpt":{"rendered":"<p>Bomba de ar Tramontina com capacidade de 160 psi 11 bar, para encher pneus, bolas e boias. Ideal para condom\u00ednios ou empresas que querem praticidade para calibrar bicicletas, carrinhos de carga (tipo plataforma ou armaz\u00e9m), assim como carrinhos de m\u00e3o, estilo ca\u00e7amba.<\/p>\n<p>Possui o corpo em a\u00e7o especial com man\u00f4metro\/display para indica\u00e7\u00e3o da press\u00e3o, e bico na ponta da mangueira que acompanha adaptadores para o uso nas diferentes v\u00e1lvulas (pneus, bolas, boias). Calibra rapidamente os carrinhos de carga e de m\u00e3o.<\/p>\n","protected":false},"featured_media":5094,"template":"","meta":[],"product_brand":[],"product_cat":[20,312],"product_tag":[54,34,16,132],"class_list":{"0":"post-5093","1":"product","2":"type-product","3":"status-publish","4":"has-post-thumbnail","6":"product_cat-cat_logistica","7":"product_cat-cat-reparos","8":"product_tag-carrinho","9":"product_tag-ferramenta","10":"product_tag-garagem","11":"product_tag-tramontina","13":"first","14":"instock","15":"shipping-taxable","16":"purchasable","17":"product-type-simple"},"jetpack_sharing_enabled":true,"_links":{"self":[{"href":"https:\/\/assulba.com.br\/index.php?rest_route=\/wp\/v2\/product\/5093","targetHints":{"allow":["GET"]}}],"collection":[{"href":"https:\/\/assulba.com.br\/index.php?rest_route=\/wp\/v2\/product"}],"about":[{"href":"https:\/\/assulba.com.br\/index.php?rest_route=\/wp\/v2\/types\/product"}],"wp:featuredmedia":[{"embeddable":true,"href":"https:\/\/assulba.com.br\/index.php?rest_route=\/wp\/v2\/media\/5094"}],"wp:attachment":[{"href":"https:\/\/assulba.com.br\/index.php?rest_route=%2Fwp%2Fv2%2Fmedia&parent=5093"}],"wp:term":[{"taxonomy":"product_brand","embeddable":true,"href":"https:\/\/assulba.com.br\/index.php?rest_route=%2Fwp%2Fv2%2Fproduct_brand&post=5093"},{"taxonomy":"product_cat","embeddable":true,"href":"https:\/\/assulba.com.br\/index.php?rest_route=%2Fwp%2Fv2%2Fproduct_cat&post=5093"},{"taxonomy":"product_tag","embeddable":true,"href":"https:\/\/assulba.com.br\/index.php?rest_route=%2Fwp%2Fv2%2Fproduct_tag&post=5093"}],"curies":[{"name":"wp","href":"https:\/\/api.w.org\/{rel}","templated":true}]}}