{"id":508,"date":"2017-11-13T19:18:59","date_gmt":"2017-11-13T22:18:59","guid":{"rendered":"http:\/\/assulba.com.br\/?post_type=product&#038;p=508"},"modified":"2024-03-17T01:02:30","modified_gmt":"2024-03-17T04:02:30","slug":"lixeira-inox-csensor-2","status":"publish","type":"product","link":"https:\/\/assulba.com.br\/?product=lixeira-inox-csensor-2","title":{"rendered":"Lixeira inox pequena c\/sensor Tramontina"},"content":{"rendered":"","protected":false},"excerpt":{"rendered":"<p>REF. 1491<\/p>\n<p>Lixeira em a\u00e7o inox autom\u00e1tica com sensor 6 litros<br \/>\nAutom\u00e1tica Easy<\/p>\n<p>Produto: N\u00e3o \u00e9 necess\u00e1rio o contato das m\u00e3os para dep\u00f3sito dos res\u00edduos. Abertura autom\u00e1tica da tampa devido a um sensor infravermelho. Possui balde interno remov\u00edvel.<\/p>\n<p>Material: Fabricada em a\u00e7o inox com acabamento polido.<\/p>\n<p>CARACTER\u00cdSTICAS<br \/>\n&#8211; Material A\u00e7o Inox AISI 430<br \/>\n&#8211; Acabamento Polido<br \/>\n&#8211; Espessura 0,4 mm<br \/>\n&#8211; Funcionamento 4 pilhas tipo AA<br \/>\n&#8211; Capacidade 6 L<br \/>\n&#8211; Saco de lixo recomendado 5 L<\/p>\n<table>\n<tbody>\n<tr>\n<td class=\"char\">Peso<\/td>\n<td>1,30 kg<\/td>\n<\/tr>\n<tr>\n<td class=\"char\">Comprimento<\/td>\n<td>246 mm<\/td>\n<\/tr>\n<tr>\n<td class=\"char\">Largura<\/td>\n<td>246 mm<\/td>\n<\/tr>\n<tr>\n<td class=\"char\">Altura<\/td>\n<td>261 mm<\/td>\n<\/tr>\n<tr>\n<td class=\"char\">Garantia<\/td>\n<td>12 meses<\/td>\n<\/tr>\n<tr>\n<td class=\"char\">Capacidade<\/td>\n<td>6.00 L<\/td>\n<\/tr>\n<\/tbody>\n<\/table>\n","protected":false},"featured_media":3252,"template":"","meta":[],"product_brand":[],"product_cat":[21,314],"product_tag":[57,31,70],"class_list":{"0":"post-508","1":"product","2":"type-product","3":"status-publish","4":"has-post-thumbnail","6":"product_cat-cat_lixeiras","7":"product_cat-cat_lixeirainox","8":"product_tag-eletrico","9":"product_tag-inox","10":"product_tag-lixeiras","12":"first","13":"instock","14":"shipping-taxable","15":"purchasable","16":"product-type-simple"},"jetpack_sharing_enabled":true,"_links":{"self":[{"href":"https:\/\/assulba.com.br\/index.php?rest_route=\/wp\/v2\/product\/508","targetHints":{"allow":["GET"]}}],"collection":[{"href":"https:\/\/assulba.com.br\/index.php?rest_route=\/wp\/v2\/product"}],"about":[{"href":"https:\/\/assulba.com.br\/index.php?rest_route=\/wp\/v2\/types\/product"}],"wp:featuredmedia":[{"embeddable":true,"href":"https:\/\/assulba.com.br\/index.php?rest_route=\/wp\/v2\/media\/3252"}],"wp:attachment":[{"href":"https:\/\/assulba.com.br\/index.php?rest_route=%2Fwp%2Fv2%2Fmedia&parent=508"}],"wp:term":[{"taxonomy":"product_brand","embeddable":true,"href":"https:\/\/assulba.com.br\/index.php?rest_route=%2Fwp%2Fv2%2Fproduct_brand&post=508"},{"taxonomy":"product_cat","embeddable":true,"href":"https:\/\/assulba.com.br\/index.php?rest_route=%2Fwp%2Fv2%2Fproduct_cat&post=508"},{"taxonomy":"product_tag","embeddable":true,"href":"https:\/\/assulba.com.br\/index.php?rest_route=%2Fwp%2Fv2%2Fproduct_tag&post=508"}],"curies":[{"name":"wp","href":"https:\/\/api.w.org\/{rel}","templated":true}]}}