{"id":502,"date":"2017-11-13T19:13:21","date_gmt":"2017-11-13T22:13:21","guid":{"rendered":"http:\/\/assulba.com.br\/?post_type=product&#038;p=502"},"modified":"2024-03-17T01:02:30","modified_gmt":"2024-03-17T04:02:30","slug":"lixeira-inox-45l","status":"publish","type":"product","link":"https:\/\/assulba.com.br\/?product=lixeira-inox-45l","title":{"rendered":"Lixeira inox com pedal tipo D New 50L Tramontina"},"content":{"rendered":"","protected":false},"excerpt":{"rendered":"<p>Completo, higi\u00eanico e suave. A Lixeira Inox com Pedal Tramontina Tipo D New com Acabamento Scotch Brite e Balde Interno Remov\u00edvel 50 L torna o dia a dia mais pr\u00e1tico e funcional. Produzida em a\u00e7o inox com acabamento scotch brite, possui tratamento anti-digitais. Para facilitar o uso, possui pedal amplo de f\u00e1cil manuseio e sistema Stay Open, com tampa que permanece em posi\u00e7\u00e3o fixa quando aberta com a m\u00e3o, auxiliando no dep\u00f3sito de res\u00edduos. Al\u00e9m disso, vem com balde interno remov\u00edvel, al\u00e7a para transporte e a base pl\u00e1stica evita danos ao piso. Tornando o produto ainda mais completo, a tampa possui amortecedor para um fechamento suave.<\/p>\n<p>Informa\u00e7\u00f5es Gerais:<br \/>\nMaterial: A\u00e7o Inox AISI 430<br \/>\nEspessura: 0,4 mm<br \/>\nAcabamento: Scotch Brite<br \/>\nTratamento anti digitais: Sim<br \/>\nAl\u00e7a para transporte: Sim<br \/>\nAbertura: Pedal<br \/>\nTampa: Sim, com sistema Stay Open<br \/>\nFechamento suave da tampa: Sim<br \/>\nBalde pl\u00e1stico remov\u00edvel: Sim<br \/>\nCapacidade: 50 L<br \/>\nSaco de lixo recomendado: 50 &#8211; 60 L<\/p>\n","protected":false},"featured_media":4777,"template":"","meta":[],"product_brand":[],"product_cat":[21,314],"product_tag":[31,70,72,132],"class_list":{"0":"post-502","1":"product","2":"type-product","3":"status-publish","4":"has-post-thumbnail","6":"product_cat-cat_lixeiras","7":"product_cat-cat_lixeirainox","8":"product_tag-inox","9":"product_tag-lixeiras","10":"product_tag-pedal","11":"product_tag-tramontina","13":"first","14":"onbackorder","15":"shipping-taxable","16":"purchasable","17":"product-type-simple"},"jetpack_sharing_enabled":true,"_links":{"self":[{"href":"https:\/\/assulba.com.br\/index.php?rest_route=\/wp\/v2\/product\/502","targetHints":{"allow":["GET"]}}],"collection":[{"href":"https:\/\/assulba.com.br\/index.php?rest_route=\/wp\/v2\/product"}],"about":[{"href":"https:\/\/assulba.com.br\/index.php?rest_route=\/wp\/v2\/types\/product"}],"wp:featuredmedia":[{"embeddable":true,"href":"https:\/\/assulba.com.br\/index.php?rest_route=\/wp\/v2\/media\/4777"}],"wp:attachment":[{"href":"https:\/\/assulba.com.br\/index.php?rest_route=%2Fwp%2Fv2%2Fmedia&parent=502"}],"wp:term":[{"taxonomy":"product_brand","embeddable":true,"href":"https:\/\/assulba.com.br\/index.php?rest_route=%2Fwp%2Fv2%2Fproduct_brand&post=502"},{"taxonomy":"product_cat","embeddable":true,"href":"https:\/\/assulba.com.br\/index.php?rest_route=%2Fwp%2Fv2%2Fproduct_cat&post=502"},{"taxonomy":"product_tag","embeddable":true,"href":"https:\/\/assulba.com.br\/index.php?rest_route=%2Fwp%2Fv2%2Fproduct_tag&post=502"}],"curies":[{"name":"wp","href":"https:\/\/api.w.org\/{rel}","templated":true}]}}