{"id":4991,"date":"2019-12-22T22:27:01","date_gmt":"2019-12-22T22:27:01","guid":{"rendered":"https:\/\/assulba.sslblindado.com\/?post_type=product&#038;p=4991"},"modified":"2024-03-17T01:01:05","modified_gmt":"2024-03-17T04:01:05","slug":"toalheiro-bobina-mini-plus-exaccta","status":"publish","type":"product","link":"https:\/\/assulba.com.br\/?product=toalheiro-bobina-mini-plus-exaccta","title":{"rendered":"TOALHEIRO BOBINA MINI PLUS EXACCTA"},"content":{"rendered":"","protected":false},"excerpt":{"rendered":"<p>O toalheiro tipo bobina auto-cortante Mini-Plus da Exaccta possui dimens\u00f5es reduzidas e visual limpo e elegante. A abertura para troca de papel \u00e9 feita por uma chave especial, para evitar a manipula\u00e7\u00e3o indevida. \u00d3tima op\u00e7\u00e3o para quem deseja um dispensador auto-cortente com design compacto. Possui dimens\u00f5es de 34cm de altura, 29cm de largura e 20cm de profundidade, com peso de 1,75kg.<\/p>\n","protected":false},"featured_media":4993,"template":"","meta":[],"product_brand":[],"product_cat":[22],"product_tag":[83,91,163],"class_list":{"0":"post-4991","1":"product","2":"type-product","3":"status-publish","4":"has-post-thumbnail","6":"product_cat-banheiro","7":"product_tag-banheiro","8":"product_tag-dispenser","9":"product_tag-toalha","11":"first","12":"instock","13":"shipping-taxable","14":"purchasable","15":"product-type-simple"},"jetpack_sharing_enabled":true,"_links":{"self":[{"href":"https:\/\/assulba.com.br\/index.php?rest_route=\/wp\/v2\/product\/4991","targetHints":{"allow":["GET"]}}],"collection":[{"href":"https:\/\/assulba.com.br\/index.php?rest_route=\/wp\/v2\/product"}],"about":[{"href":"https:\/\/assulba.com.br\/index.php?rest_route=\/wp\/v2\/types\/product"}],"wp:featuredmedia":[{"embeddable":true,"href":"https:\/\/assulba.com.br\/index.php?rest_route=\/wp\/v2\/media\/4993"}],"wp:attachment":[{"href":"https:\/\/assulba.com.br\/index.php?rest_route=%2Fwp%2Fv2%2Fmedia&parent=4991"}],"wp:term":[{"taxonomy":"product_brand","embeddable":true,"href":"https:\/\/assulba.com.br\/index.php?rest_route=%2Fwp%2Fv2%2Fproduct_brand&post=4991"},{"taxonomy":"product_cat","embeddable":true,"href":"https:\/\/assulba.com.br\/index.php?rest_route=%2Fwp%2Fv2%2Fproduct_cat&post=4991"},{"taxonomy":"product_tag","embeddable":true,"href":"https:\/\/assulba.com.br\/index.php?rest_route=%2Fwp%2Fv2%2Fproduct_tag&post=4991"}],"curies":[{"name":"wp","href":"https:\/\/api.w.org\/{rel}","templated":true}]}}