{"id":499,"date":"2017-11-13T19:08:03","date_gmt":"2017-11-13T22:08:03","guid":{"rendered":"http:\/\/assulba.com.br\/?post_type=product&#038;p=499"},"modified":"2024-03-17T01:02:30","modified_gmt":"2024-03-17T04:02:30","slug":"refil-mop-umido-2","status":"publish","type":"product","link":"https:\/\/assulba.com.br\/?product=refil-mop-umido-2","title":{"rendered":"REFIL MOP \u00daMIDO DE 400G OU 320G PONTA LOOP BRALIMPIA"},"content":{"rendered":"","protected":false},"excerpt":{"rendered":"<p>Refil para mop l\u00edquido com 85% de algod\u00e3o e 15% de poli\u00e9ster em sua composi\u00e7\u00e3o. Tem alto poder de absor\u00e7\u00e3o e resist\u00eancia. Suas pontas em Loop \u201carrastam\u201d e seguram mais as sujidades otimizando a limpeza e o tempo despendido nas tarefas. S\u00e3o produzidos em 5 cores que permitem que sejam identificados para utiliza\u00e7\u00e3o em ambientes espec\u00edfico evitando a transfer\u00eancia de contamina\u00e7\u00f5es de um ambiente para outro pelo pr\u00f3prio refil. Estes Refis devem ser utilizados apenas com HASTES Americana ou Euro que devem ser acopladas a CABOS DE ALUM\u00cdNIO que auxiliar\u00e3o na limpeza de pisos e em conjunto com o BALDE ESPREMEDOR far\u00e1 a higieniza\u00e7\u00e3o do refil com a remo\u00e7\u00e3o de excesso de l\u00edquido.<\/p>\n<p><iframe loading=\"lazy\" title=\"YouTube video player\" src=\"https:\/\/www.youtube-nocookie.com\/embed\/k6qVFKq7cHI\" width=\"560\" height=\"315\" frameborder=\"0\" allowfullscreen=\"allowfullscreen\"><\/iframe><\/p>\n","protected":false},"featured_media":8755,"template":"","meta":[],"product_brand":[],"product_cat":[135,310],"product_tag":[131,27,110,112],"class_list":{"0":"post-499","1":"product","2":"type-product","3":"status-publish","4":"has-post-thumbnail","6":"product_cat-cat_limpeza","7":"product_cat-cat_limpeza_umida","8":"product_tag-bralimpia","9":"product_tag-limpeza","10":"product_tag-mops","11":"product_tag-refis","13":"first","14":"instock","15":"shipping-taxable","16":"purchasable","17":"product-type-variable"},"jetpack_sharing_enabled":true,"_links":{"self":[{"href":"https:\/\/assulba.com.br\/index.php?rest_route=\/wp\/v2\/product\/499","targetHints":{"allow":["GET"]}}],"collection":[{"href":"https:\/\/assulba.com.br\/index.php?rest_route=\/wp\/v2\/product"}],"about":[{"href":"https:\/\/assulba.com.br\/index.php?rest_route=\/wp\/v2\/types\/product"}],"wp:featuredmedia":[{"embeddable":true,"href":"https:\/\/assulba.com.br\/index.php?rest_route=\/wp\/v2\/media\/8755"}],"wp:attachment":[{"href":"https:\/\/assulba.com.br\/index.php?rest_route=%2Fwp%2Fv2%2Fmedia&parent=499"}],"wp:term":[{"taxonomy":"product_brand","embeddable":true,"href":"https:\/\/assulba.com.br\/index.php?rest_route=%2Fwp%2Fv2%2Fproduct_brand&post=499"},{"taxonomy":"product_cat","embeddable":true,"href":"https:\/\/assulba.com.br\/index.php?rest_route=%2Fwp%2Fv2%2Fproduct_cat&post=499"},{"taxonomy":"product_tag","embeddable":true,"href":"https:\/\/assulba.com.br\/index.php?rest_route=%2Fwp%2Fv2%2Fproduct_tag&post=499"}],"curies":[{"name":"wp","href":"https:\/\/api.w.org\/{rel}","templated":true}]}}