{"id":4977,"date":"2019-12-22T17:38:29","date_gmt":"2019-12-22T17:38:29","guid":{"rendered":"https:\/\/assulba.sslblindado.com\/?post_type=product&#038;p=4977"},"modified":"2024-03-17T01:01:05","modified_gmt":"2024-03-17T04:01:05","slug":"vaso-romano-terracota-tramontina","status":"publish","type":"product","link":"https:\/\/assulba.com.br\/?product=vaso-romano-terracota-tramontina","title":{"rendered":"VASO ROMANO TERRACOTA TRAMONTINA"},"content":{"rendered":"","protected":false},"excerpt":{"rendered":"<p>O Vaso Romano Terracota da Tramontina \u00e9 inspirado no estilo romano antigo. Produzido em Polietileno, \u00e9 extremamente leve, pr\u00e1tico e resistente. Al\u00e9m disso, possui tonalidade e textura que lhe d\u00e1 a apar\u00eancia realista dos artefatos em cer\u00e2mica. Apresenta \u00f3timo acabamento e combina com os mais variados ambientes. Sua resist\u00eancia permite que a terra seja depositada diretamente no interior, sem a necessidade de outro recipiente interno. Eles est\u00e3o dispon\u00edveis nos tamanhos 45cm, 38cm e 32cm de altura. Al\u00e9m do modelo Terracota, h\u00e1 op\u00e7\u00f5es em outras cores\/texturas, como Areia, M\u00e1rmore e Cimento.<\/p>\n<p>Garantia de 1 ano.<\/p>\n","protected":false},"featured_media":4978,"template":"","meta":[],"product_brand":[],"product_cat":[159],"product_tag":[121,132],"class_list":{"0":"post-4977","1":"product","2":"type-product","3":"status-publish","4":"has-post-thumbnail","6":"product_cat-cat_moveis_play","7":"product_tag-decoracao","8":"product_tag-tramontina","10":"first","11":"instock","12":"shipping-taxable","13":"purchasable","14":"product-type-simple"},"jetpack_sharing_enabled":true,"_links":{"self":[{"href":"https:\/\/assulba.com.br\/index.php?rest_route=\/wp\/v2\/product\/4977","targetHints":{"allow":["GET"]}}],"collection":[{"href":"https:\/\/assulba.com.br\/index.php?rest_route=\/wp\/v2\/product"}],"about":[{"href":"https:\/\/assulba.com.br\/index.php?rest_route=\/wp\/v2\/types\/product"}],"wp:featuredmedia":[{"embeddable":true,"href":"https:\/\/assulba.com.br\/index.php?rest_route=\/wp\/v2\/media\/4978"}],"wp:attachment":[{"href":"https:\/\/assulba.com.br\/index.php?rest_route=%2Fwp%2Fv2%2Fmedia&parent=4977"}],"wp:term":[{"taxonomy":"product_brand","embeddable":true,"href":"https:\/\/assulba.com.br\/index.php?rest_route=%2Fwp%2Fv2%2Fproduct_brand&post=4977"},{"taxonomy":"product_cat","embeddable":true,"href":"https:\/\/assulba.com.br\/index.php?rest_route=%2Fwp%2Fv2%2Fproduct_cat&post=4977"},{"taxonomy":"product_tag","embeddable":true,"href":"https:\/\/assulba.com.br\/index.php?rest_route=%2Fwp%2Fv2%2Fproduct_tag&post=4977"}],"curies":[{"name":"wp","href":"https:\/\/api.w.org\/{rel}","templated":true}]}}