{"id":4972,"date":"2019-12-21T19:08:04","date_gmt":"2019-12-21T22:08:04","guid":{"rendered":"https:\/\/assulba.sslblindado.com\/?post_type=product&#038;p=4972"},"modified":"2024-03-17T01:01:05","modified_gmt":"2024-03-17T04:01:05","slug":"vassoura-plastica-de-jardim-tramontina","status":"publish","type":"product","link":"https:\/\/assulba.com.br\/?product=vassoura-plastica-de-jardim-tramontina","title":{"rendered":"VASSOURA PL\u00c1STICA DE JARDIM TRAMONTINA"},"content":{"rendered":"","protected":false},"excerpt":{"rendered":"<p>A vassoura pl\u00e1stica Tramontina \u00e9 utilizada para varrer folhas de jardim e a grama ap\u00f3s o corte, al\u00e9m de servir para limpar outras sujeiras no gramado. Produzida em polipropileno super resistente, possui cabo de madeira de 120cm com acabamento envernizado. \u00c9 leve e confort\u00e1vel de manusear.<\/p>\n<p>O cabo e a base pl\u00e1stica juntos apresentam a altura total de 156cm e largura de 54cm, com peso de 0,65kg. Possui garantia de 3 meses contra defeitos de fabrica\u00e7\u00e3o.<\/p>\n","protected":false},"featured_media":4975,"template":"","meta":[],"product_brand":[],"product_cat":[313],"product_tag":[35,27,132,52],"class_list":{"0":"post-4972","1":"product","2":"type-product","3":"status-publish","4":"has-post-thumbnail","6":"product_cat-cat_jardinagem","7":"product_tag-jardim","8":"product_tag-limpeza","9":"product_tag-tramontina","10":"product_tag-vassoura","12":"first","13":"instock","14":"shipping-taxable","15":"purchasable","16":"product-type-simple"},"jetpack_sharing_enabled":true,"_links":{"self":[{"href":"https:\/\/assulba.com.br\/index.php?rest_route=\/wp\/v2\/product\/4972","targetHints":{"allow":["GET"]}}],"collection":[{"href":"https:\/\/assulba.com.br\/index.php?rest_route=\/wp\/v2\/product"}],"about":[{"href":"https:\/\/assulba.com.br\/index.php?rest_route=\/wp\/v2\/types\/product"}],"wp:featuredmedia":[{"embeddable":true,"href":"https:\/\/assulba.com.br\/index.php?rest_route=\/wp\/v2\/media\/4975"}],"wp:attachment":[{"href":"https:\/\/assulba.com.br\/index.php?rest_route=%2Fwp%2Fv2%2Fmedia&parent=4972"}],"wp:term":[{"taxonomy":"product_brand","embeddable":true,"href":"https:\/\/assulba.com.br\/index.php?rest_route=%2Fwp%2Fv2%2Fproduct_brand&post=4972"},{"taxonomy":"product_cat","embeddable":true,"href":"https:\/\/assulba.com.br\/index.php?rest_route=%2Fwp%2Fv2%2Fproduct_cat&post=4972"},{"taxonomy":"product_tag","embeddable":true,"href":"https:\/\/assulba.com.br\/index.php?rest_route=%2Fwp%2Fv2%2Fproduct_tag&post=4972"}],"curies":[{"name":"wp","href":"https:\/\/api.w.org\/{rel}","templated":true}]}}