{"id":4969,"date":"2019-12-21T18:02:17","date_gmt":"2019-12-21T21:02:17","guid":{"rendered":"https:\/\/assulba.sslblindado.com\/?post_type=product&#038;p=4969"},"modified":"2024-03-17T01:01:05","modified_gmt":"2024-03-17T04:01:05","slug":"cola-de-contato-tradicional-cascola","status":"publish","type":"product","link":"https:\/\/assulba.com.br\/?product=cola-de-contato-tradicional-cascola","title":{"rendered":"COLA DE CONTATO TRADICIONAL CASCOLA"},"content":{"rendered":"","protected":false},"excerpt":{"rendered":"<p>A Cola de Contato Tradicional Cascola, tamb\u00e9m chamada de cola de sapateiro, \u00e9 ideal para fixa\u00e7\u00e3o de protetores emborrachados para garagens, instalados nas colunas, paredes, quinas, assim como para protetores de para-choques. Tamb\u00e9m \u00e9 utilizada em outros objetos porosos, como MDF, aglomerados, madeiras, couro &#8211; com exce\u00e7\u00e3o de polipropileno e polietileno (pl\u00e1sticos).<\/p>\n<p>F\u00e1cil de ser aplicado e extremamente resistente, inclusive \u00e0 \u00e1gua.<\/p>\n","protected":false},"featured_media":4971,"template":"","meta":[],"product_brand":[],"product_cat":[160,312],"product_tag":[16,127,17],"class_list":{"0":"post-4969","1":"product","2":"type-product","3":"status-publish","4":"has-post-thumbnail","6":"product_cat-cat_seguranca","7":"product_cat-cat-reparos","8":"product_tag-garagem","9":"product_tag-seguranca","10":"product_tag-sinalizacao","12":"first","13":"instock","14":"shipping-taxable","15":"purchasable","16":"product-type-simple"},"jetpack_sharing_enabled":true,"_links":{"self":[{"href":"https:\/\/assulba.com.br\/index.php?rest_route=\/wp\/v2\/product\/4969","targetHints":{"allow":["GET"]}}],"collection":[{"href":"https:\/\/assulba.com.br\/index.php?rest_route=\/wp\/v2\/product"}],"about":[{"href":"https:\/\/assulba.com.br\/index.php?rest_route=\/wp\/v2\/types\/product"}],"wp:featuredmedia":[{"embeddable":true,"href":"https:\/\/assulba.com.br\/index.php?rest_route=\/wp\/v2\/media\/4971"}],"wp:attachment":[{"href":"https:\/\/assulba.com.br\/index.php?rest_route=%2Fwp%2Fv2%2Fmedia&parent=4969"}],"wp:term":[{"taxonomy":"product_brand","embeddable":true,"href":"https:\/\/assulba.com.br\/index.php?rest_route=%2Fwp%2Fv2%2Fproduct_brand&post=4969"},{"taxonomy":"product_cat","embeddable":true,"href":"https:\/\/assulba.com.br\/index.php?rest_route=%2Fwp%2Fv2%2Fproduct_cat&post=4969"},{"taxonomy":"product_tag","embeddable":true,"href":"https:\/\/assulba.com.br\/index.php?rest_route=%2Fwp%2Fv2%2Fproduct_tag&post=4969"}],"curies":[{"name":"wp","href":"https:\/\/api.w.org\/{rel}","templated":true}]}}