{"id":496,"date":"2017-11-13T21:55:56","date_gmt":"2017-11-14T00:55:56","guid":{"rendered":"http:\/\/assulba.com.br\/?post_type=product&#038;p=496"},"modified":"2024-03-17T01:02:27","modified_gmt":"2024-03-17T04:02:27","slug":"mop-umido-branco","status":"publish","type":"product","link":"https:\/\/assulba.com.br\/?product=mop-umido-branco","title":{"rendered":"Refil Mopinho e Encaixe em Rosca Bralimpia"},"content":{"rendered":"","protected":false},"excerpt":{"rendered":"<p>Produzidos em algod\u00e3o cru e fibras sint\u00e9ticas que oferecem excelente absor\u00e7\u00e3o de l\u00edquidos promovendo a limpeza de modo r\u00e1pido e eficaz. O sistema de fixa\u00e7\u00e3o do mop com encaixe em rosca proporciona durabilidade a toda prova.<\/p>\n","protected":false},"featured_media":8761,"template":"","meta":[],"product_brand":[],"product_cat":[135,310],"product_tag":[131,27,110],"class_list":{"0":"post-496","1":"product","2":"type-product","3":"status-publish","4":"has-post-thumbnail","6":"product_cat-cat_limpeza","7":"product_cat-cat_limpeza_umida","8":"product_tag-bralimpia","9":"product_tag-limpeza","10":"product_tag-mops","12":"first","13":"instock","14":"shipping-taxable","15":"purchasable","16":"product-type-simple"},"jetpack_sharing_enabled":true,"_links":{"self":[{"href":"https:\/\/assulba.com.br\/index.php?rest_route=\/wp\/v2\/product\/496","targetHints":{"allow":["GET"]}}],"collection":[{"href":"https:\/\/assulba.com.br\/index.php?rest_route=\/wp\/v2\/product"}],"about":[{"href":"https:\/\/assulba.com.br\/index.php?rest_route=\/wp\/v2\/types\/product"}],"wp:featuredmedia":[{"embeddable":true,"href":"https:\/\/assulba.com.br\/index.php?rest_route=\/wp\/v2\/media\/8761"}],"wp:attachment":[{"href":"https:\/\/assulba.com.br\/index.php?rest_route=%2Fwp%2Fv2%2Fmedia&parent=496"}],"wp:term":[{"taxonomy":"product_brand","embeddable":true,"href":"https:\/\/assulba.com.br\/index.php?rest_route=%2Fwp%2Fv2%2Fproduct_brand&post=496"},{"taxonomy":"product_cat","embeddable":true,"href":"https:\/\/assulba.com.br\/index.php?rest_route=%2Fwp%2Fv2%2Fproduct_cat&post=496"},{"taxonomy":"product_tag","embeddable":true,"href":"https:\/\/assulba.com.br\/index.php?rest_route=%2Fwp%2Fv2%2Fproduct_tag&post=496"}],"curies":[{"name":"wp","href":"https:\/\/api.w.org\/{rel}","templated":true}]}}