{"id":4883,"date":"2019-11-17T20:51:13","date_gmt":"2019-11-17T23:51:13","guid":{"rendered":"https:\/\/assulba.sslblindado.com\/?post_type=product&#038;p=4883"},"modified":"2024-03-17T01:01:05","modified_gmt":"2024-03-17T04:01:05","slug":"pneu-macico-3-0-8-e-roda-metalica-tramontina","status":"publish","type":"product","link":"https:\/\/assulba.com.br\/?product=pneu-macico-3-0-8-e-roda-metalica-tramontina","title":{"rendered":"PNEU MACI\u00c7O 3.0\/8&#8243; E RODA MET\u00c1LICA TRAMONTINA"},"content":{"rendered":"","protected":false},"excerpt":{"rendered":"<p>Para que um carrinho de m\u00e3o (e armaz\u00e9m) seja eficiente e pr\u00e1tico, ele precisa estar com rodas e pneus de qualidade. Para isso, adquira a Pneu Maci\u00e7o 3.0\/8&#8243; e Roda Met\u00e1lica Tramontina para Carrinho de M\u00e3o com Bucha Pl\u00e1stica. Altamente resistentes e dur\u00e1veis, eles v\u00e3o tornar o transporte dos seus materiais muito mais f\u00e1cil e pr\u00e1tico.<\/p>\n<p>ESPECIFICA\u00c7\u00d5ES T\u00c9CNICAS:<\/p>\n<p>ALTURA<br \/>\n34,2 cm<\/p>\n<p>LARGURA<br \/>\n9,2 cm<\/p>\n<p>COMPRIMENTO<br \/>\n34,2 cm<\/p>\n<p>PESO<br \/>\n5,25 kg<\/p>\n<p>GARANTIA<br \/>\n90 DIAS DE GARANTIA LEGAL PARA V\u00cdCIOS OU DEFEITOS DE FABRICA\u00c7\u00c3O.<br \/>\nCERTIFICA\u00c7\u00c3O<br \/>\nPRUDUTO FABRICADO SEGUNDO A NORMA NBR 16269<\/p>\n","protected":false},"featured_media":4885,"template":"","meta":[],"product_brand":[],"product_cat":[312,161],"product_tag":[132],"class_list":{"0":"post-4883","1":"product","2":"type-product","3":"status-publish","4":"has-post-thumbnail","6":"product_cat-cat-reparos","7":"product_cat-cat_diversos","8":"product_tag-tramontina","10":"first","11":"instock","12":"shipping-taxable","13":"purchasable","14":"product-type-simple"},"jetpack_sharing_enabled":true,"_links":{"self":[{"href":"https:\/\/assulba.com.br\/index.php?rest_route=\/wp\/v2\/product\/4883","targetHints":{"allow":["GET"]}}],"collection":[{"href":"https:\/\/assulba.com.br\/index.php?rest_route=\/wp\/v2\/product"}],"about":[{"href":"https:\/\/assulba.com.br\/index.php?rest_route=\/wp\/v2\/types\/product"}],"wp:featuredmedia":[{"embeddable":true,"href":"https:\/\/assulba.com.br\/index.php?rest_route=\/wp\/v2\/media\/4885"}],"wp:attachment":[{"href":"https:\/\/assulba.com.br\/index.php?rest_route=%2Fwp%2Fv2%2Fmedia&parent=4883"}],"wp:term":[{"taxonomy":"product_brand","embeddable":true,"href":"https:\/\/assulba.com.br\/index.php?rest_route=%2Fwp%2Fv2%2Fproduct_brand&post=4883"},{"taxonomy":"product_cat","embeddable":true,"href":"https:\/\/assulba.com.br\/index.php?rest_route=%2Fwp%2Fv2%2Fproduct_cat&post=4883"},{"taxonomy":"product_tag","embeddable":true,"href":"https:\/\/assulba.com.br\/index.php?rest_route=%2Fwp%2Fv2%2Fproduct_tag&post=4883"}],"curies":[{"name":"wp","href":"https:\/\/api.w.org\/{rel}","templated":true}]}}