{"id":488,"date":"2017-11-13T18:55:18","date_gmt":"2017-11-13T21:55:18","guid":{"rendered":"http:\/\/assulba.com.br\/?post_type=product&#038;p=488"},"modified":"2024-03-17T01:02:30","modified_gmt":"2024-03-17T04:02:30","slug":"suporte-mop-po-euro","status":"publish","type":"product","link":"https:\/\/assulba.com.br\/?product=suporte-mop-po-euro","title":{"rendered":"Arma\u00e7\u00e3o met\u00e1lica para mop p\u00f3 Superpro"},"content":{"rendered":"","protected":false},"excerpt":{"rendered":"<p>As Arma\u00e7\u00f5es s\u00e3o confeccionadas em polipropileno de alta resist\u00eancia com estrutura em a\u00e7o galvanizado. Dispon\u00edveis nos tamanhos de 40, 60, 80 cm e foram projetadas para refis com largura de 12 cm.<\/p>\n","protected":false},"featured_media":4783,"template":"","meta":[],"product_brand":[],"product_cat":[135,309],"product_tag":[27,110,130],"class_list":{"0":"post-488","1":"product","2":"type-product","3":"status-publish","4":"has-post-thumbnail","6":"product_cat-cat_limpeza","7":"product_cat-cat_limpeza_seca","8":"product_tag-limpeza","9":"product_tag-mops","10":"product_tag-suportes","12":"first","13":"instock","14":"shipping-taxable","15":"purchasable","16":"product-type-simple"},"jetpack_sharing_enabled":true,"_links":{"self":[{"href":"https:\/\/assulba.com.br\/index.php?rest_route=\/wp\/v2\/product\/488","targetHints":{"allow":["GET"]}}],"collection":[{"href":"https:\/\/assulba.com.br\/index.php?rest_route=\/wp\/v2\/product"}],"about":[{"href":"https:\/\/assulba.com.br\/index.php?rest_route=\/wp\/v2\/types\/product"}],"wp:featuredmedia":[{"embeddable":true,"href":"https:\/\/assulba.com.br\/index.php?rest_route=\/wp\/v2\/media\/4783"}],"wp:attachment":[{"href":"https:\/\/assulba.com.br\/index.php?rest_route=%2Fwp%2Fv2%2Fmedia&parent=488"}],"wp:term":[{"taxonomy":"product_brand","embeddable":true,"href":"https:\/\/assulba.com.br\/index.php?rest_route=%2Fwp%2Fv2%2Fproduct_brand&post=488"},{"taxonomy":"product_cat","embeddable":true,"href":"https:\/\/assulba.com.br\/index.php?rest_route=%2Fwp%2Fv2%2Fproduct_cat&post=488"},{"taxonomy":"product_tag","embeddable":true,"href":"https:\/\/assulba.com.br\/index.php?rest_route=%2Fwp%2Fv2%2Fproduct_tag&post=488"}],"curies":[{"name":"wp","href":"https:\/\/api.w.org\/{rel}","templated":true}]}}