{"id":4877,"date":"2019-11-17T19:55:26","date_gmt":"2019-11-17T19:55:26","guid":{"rendered":"https:\/\/assulba.sslblindado.com\/?post_type=product&#038;p=4877"},"modified":"2024-03-17T01:01:05","modified_gmt":"2024-03-17T04:01:05","slug":"protetores-de-canto-de-coluna-e-parede-p-garagens","status":"publish","type":"product","link":"https:\/\/assulba.com.br\/?product=protetores-de-canto-de-coluna-e-parede-p-garagens","title":{"rendered":"PROTETORES DE CANTO DE COLUNA E PAREDE P\/ GARAGENS"},"content":{"rendered":"","protected":false},"excerpt":{"rendered":"<p>Protetor de canto de coluna ou paredes para estacionamentos e garagens. Protege os carros contra batidas e marcas na lataria, assim como evita danos no ambiente. Bicolor preto e amarelo. Produzido em E.V.A.<\/p>\n<hr \/>\n<p><strong>OP\u00c7\u00d5ES DE DIMENS\u00d5ES<\/strong><br \/>\n1x20x70cm<br \/>\n1x30x70cm<br \/>\n2x20x70cm<br \/>\n2x30x70cm<\/p>\n","protected":false},"featured_media":4878,"template":"","meta":[],"product_brand":[],"product_cat":[160],"product_tag":[16,127],"class_list":{"0":"post-4877","1":"product","2":"type-product","3":"status-publish","4":"has-post-thumbnail","6":"product_cat-cat_seguranca","7":"product_tag-garagem","8":"product_tag-seguranca","10":"first","11":"instock","12":"shipping-taxable","13":"purchasable","14":"product-type-variable"},"jetpack_sharing_enabled":true,"_links":{"self":[{"href":"https:\/\/assulba.com.br\/index.php?rest_route=\/wp\/v2\/product\/4877","targetHints":{"allow":["GET"]}}],"collection":[{"href":"https:\/\/assulba.com.br\/index.php?rest_route=\/wp\/v2\/product"}],"about":[{"href":"https:\/\/assulba.com.br\/index.php?rest_route=\/wp\/v2\/types\/product"}],"wp:featuredmedia":[{"embeddable":true,"href":"https:\/\/assulba.com.br\/index.php?rest_route=\/wp\/v2\/media\/4878"}],"wp:attachment":[{"href":"https:\/\/assulba.com.br\/index.php?rest_route=%2Fwp%2Fv2%2Fmedia&parent=4877"}],"wp:term":[{"taxonomy":"product_brand","embeddable":true,"href":"https:\/\/assulba.com.br\/index.php?rest_route=%2Fwp%2Fv2%2Fproduct_brand&post=4877"},{"taxonomy":"product_cat","embeddable":true,"href":"https:\/\/assulba.com.br\/index.php?rest_route=%2Fwp%2Fv2%2Fproduct_cat&post=4877"},{"taxonomy":"product_tag","embeddable":true,"href":"https:\/\/assulba.com.br\/index.php?rest_route=%2Fwp%2Fv2%2Fproduct_tag&post=4877"}],"curies":[{"name":"wp","href":"https:\/\/api.w.org\/{rel}","templated":true}]}}