{"id":4871,"date":"2019-11-16T23:49:27","date_gmt":"2019-11-16T23:49:27","guid":{"rendered":"https:\/\/assulba.sslblindado.com\/?post_type=product&#038;p=4871"},"modified":"2024-03-17T01:01:05","modified_gmt":"2024-03-17T04:01:05","slug":"bicicletarios-de-trave-parede","status":"publish","type":"product","link":"https:\/\/assulba.com.br\/?product=bicicletarios-de-trave-parede","title":{"rendered":"BICICLET\u00c1RIOS DE TRAVE\/PAREDE"},"content":{"rendered":"","protected":false},"excerpt":{"rendered":"<p>Produzido em ferro galvanizado. Instalado com parafusos, sendo fixado na parede e no piso. As bicicletas ficam presas pela roda em ganchos e cada gancho possui porta cadeado para sua maior seguran\u00e7a. O biciclet\u00e1rio de parede oferece \u00f3timo aproveitamento e organiza\u00e7\u00e3o do espa\u00e7o em garagens de condom\u00ednios.<\/p>\n<hr \/>\n<p><strong>OP\u00c7\u00d5ES DE MODELOS<\/strong><br \/>\n5 Bicicletas &#8211; 1,25 m<br \/>\n6 Bicicletas &#8211; 1,50 m<br \/>\n8 Bicicletas &#8211; 2,00 m<br \/>\n10 Bicicletas &#8211; 2,50 m<br \/>\n12 Bicicletas &#8211; 3,00 m<\/p>\n","protected":false},"featured_media":4902,"template":"","meta":[],"product_brand":[],"product_cat":[20],"product_tag":[16],"class_list":{"0":"post-4871","1":"product","2":"type-product","3":"status-publish","4":"has-post-thumbnail","6":"product_cat-cat_logistica","7":"product_tag-garagem","9":"first","10":"instock","11":"shipping-taxable","12":"purchasable","13":"product-type-variable"},"jetpack_sharing_enabled":true,"_links":{"self":[{"href":"https:\/\/assulba.com.br\/index.php?rest_route=\/wp\/v2\/product\/4871","targetHints":{"allow":["GET"]}}],"collection":[{"href":"https:\/\/assulba.com.br\/index.php?rest_route=\/wp\/v2\/product"}],"about":[{"href":"https:\/\/assulba.com.br\/index.php?rest_route=\/wp\/v2\/types\/product"}],"wp:featuredmedia":[{"embeddable":true,"href":"https:\/\/assulba.com.br\/index.php?rest_route=\/wp\/v2\/media\/4902"}],"wp:attachment":[{"href":"https:\/\/assulba.com.br\/index.php?rest_route=%2Fwp%2Fv2%2Fmedia&parent=4871"}],"wp:term":[{"taxonomy":"product_brand","embeddable":true,"href":"https:\/\/assulba.com.br\/index.php?rest_route=%2Fwp%2Fv2%2Fproduct_brand&post=4871"},{"taxonomy":"product_cat","embeddable":true,"href":"https:\/\/assulba.com.br\/index.php?rest_route=%2Fwp%2Fv2%2Fproduct_cat&post=4871"},{"taxonomy":"product_tag","embeddable":true,"href":"https:\/\/assulba.com.br\/index.php?rest_route=%2Fwp%2Fv2%2Fproduct_tag&post=4871"}],"curies":[{"name":"wp","href":"https:\/\/api.w.org\/{rel}","templated":true}]}}