{"id":4860,"date":"2019-11-16T19:38:18","date_gmt":"2019-11-16T22:38:18","guid":{"rendered":"https:\/\/assulba.sslblindado.com\/?post_type=product&#038;p=4860"},"modified":"2024-03-17T01:01:05","modified_gmt":"2024-03-17T04:01:05","slug":"placa-piso-escorregadio-nobre","status":"publish","type":"product","link":"https:\/\/assulba.com.br\/?product=placa-piso-escorregadio-nobre","title":{"rendered":"PLACAS DE SINALIZA\u00c7\u00c3O NOBRE"},"content":{"rendered":"","protected":false},"excerpt":{"rendered":"<p>Placas de sinaliza\u00e7\u00e3o pl\u00e1sticas em formato de cavalete, para serem colocadas sobre o ch\u00e3o como alerta para os transeuntes. Dispon\u00edveis em dois modelos de mensagens distintas.<\/p>\n<hr \/>\n<p><strong>OP\u00c7\u00d5ES DE SINALIZA\u00c7\u00c3O<\/strong><br \/>\na) Cuidado Piso Escorregadio<br \/>\nb) Em Manuten\u00e7\u00e3o<\/p>\n","protected":false},"featured_media":4863,"template":"","meta":[],"product_brand":[],"product_cat":[135,310,160],"product_tag":[27,127,17],"class_list":{"0":"post-4860","1":"product","2":"type-product","3":"status-publish","4":"has-post-thumbnail","6":"product_cat-cat_limpeza","7":"product_cat-cat_limpeza_umida","8":"product_cat-cat_seguranca","9":"product_tag-limpeza","10":"product_tag-seguranca","11":"product_tag-sinalizacao","13":"first","14":"instock","15":"shipping-taxable","16":"purchasable","17":"product-type-variable"},"jetpack_sharing_enabled":true,"_links":{"self":[{"href":"https:\/\/assulba.com.br\/index.php?rest_route=\/wp\/v2\/product\/4860","targetHints":{"allow":["GET"]}}],"collection":[{"href":"https:\/\/assulba.com.br\/index.php?rest_route=\/wp\/v2\/product"}],"about":[{"href":"https:\/\/assulba.com.br\/index.php?rest_route=\/wp\/v2\/types\/product"}],"wp:featuredmedia":[{"embeddable":true,"href":"https:\/\/assulba.com.br\/index.php?rest_route=\/wp\/v2\/media\/4863"}],"wp:attachment":[{"href":"https:\/\/assulba.com.br\/index.php?rest_route=%2Fwp%2Fv2%2Fmedia&parent=4860"}],"wp:term":[{"taxonomy":"product_brand","embeddable":true,"href":"https:\/\/assulba.com.br\/index.php?rest_route=%2Fwp%2Fv2%2Fproduct_brand&post=4860"},{"taxonomy":"product_cat","embeddable":true,"href":"https:\/\/assulba.com.br\/index.php?rest_route=%2Fwp%2Fv2%2Fproduct_cat&post=4860"},{"taxonomy":"product_tag","embeddable":true,"href":"https:\/\/assulba.com.br\/index.php?rest_route=%2Fwp%2Fv2%2Fproduct_tag&post=4860"}],"curies":[{"name":"wp","href":"https:\/\/api.w.org\/{rel}","templated":true}]}}